{"id":105,"date":"2014-10-10T01:27:16","date_gmt":"2014-10-10T01:27:16","guid":{"rendered":"http:\/\/umis.ipsantarem.pt\/?page_id=105"},"modified":"2022-10-13T11:49:21","modified_gmt":"2022-10-13T11:49:21","slug":"associadas-a-projetos","status":"publish","type":"page","link":"https:\/\/umis.ipsantarem.pt\/?page_id=105","title":{"rendered":"Relat\u00f3rio\/Plano de Atividades"},"content":{"rendered":"<p><span style=\"color: #3366ff;\"><strong><span style=\"font-family: Arial;\"><a style=\"color: #3366ff;\" href=\"https:\/\/umis.ipsantarem.pt\/wp-content\/uploads\/2014\/10\/RELATORIO_ATIVIDADES_EPS-1.pdf\" target=\"_blank\" rel=\"noopener\">Relat\u00f3rio de atividades EPS<\/a><\/span><\/strong><\/span><\/p>\n<p><span style=\"color: #3366ff;\"><strong><span style=\"font-family: Arial;\"><a style=\"color: #3366ff;\" href=\"https:\/\/www.essaude.ipsantarem.pt\/umis\/relatorios\/RELAT%C3%93RIO%20DE%20PROGRESSO%20DE%20LINHA%20DE%20INVESTIGA%C3%87%C3%83OFINAL_2011.pdf\" target=\"_blank\" rel=\"noopener\">Relat\u00f3rio de&nbsp;Investiga\u00e7\u00e3o 2011<\/a><\/span><\/strong><\/span><\/p>\n<p><span style=\"color: #3366ff;\"><strong><span style=\"font-family: Arial;\"><a style=\"color: #3366ff;\" href=\"https:\/\/www.essaude.ipsantarem.pt\/umis\/relatorios\/relat%C3%B3rio%20de%20progresso%20de%20linha%20de%20investiga%C3%A7%C3%A3o_amendoeira_2012.pdf\" target=\"_blank\" rel=\"noopener\">Relat\u00f3rio de&nbsp;Investiga\u00e7\u00e3o 2012<\/a><\/span><\/strong><\/span><\/p>\n<p><span style=\"color: #3366ff;\"><strong><span style=\"font-family: Arial;\"><a style=\"color: #3366ff;\" href=\"https:\/\/www.essaude.ipsantarem.pt\/umis\/relatorios\/relat%C3%B3rio%20de%20progresso%20de%20linha%20de%20investiga%C3%A7%C3%A3o_amendoeira_2013.pdf\" target=\"_blank\" rel=\"noopener\">Relat\u00f3rio de&nbsp;Investiga\u00e7\u00e3o 2013<\/a><\/span><\/strong><\/span><\/p>\n<p><span style=\"color: #3366ff;\"><strong><span style=\"font-family: Arial;\"><a style=\"color: #3366ff;\" href=\"https:\/\/umis.ipsantarem.pt\/wp-content\/uploads\/2014\/10\/PLANO_ATIVIDADES_UMIS.pdf\" target=\"_blank\" rel=\"noopener noreferrer\">Plano de atividades UMIS 2014<\/a><\/span><\/strong><\/span><\/p>\n<p><span style=\"color: #3366ff;\"><strong><span style=\"font-family: Arial;\"><a style=\"color: #3366ff;\" href=\"https:\/\/www.essaude.ipsantarem.pt\/umis\/relatorios\/relat%C3%B3rio%20de%20progresso%20de%20linha%20de%20investiga%C3%A7%C3%A3o_amendoeira_2013.pdf\" target=\"_blank\" rel=\"noopener\">Relat\u00f3rio de indicadores da &nbsp;UMIS 2014<\/a><\/span><\/strong><\/span><\/p>\n<p><span style=\"color: #3366ff;\"><strong><span style=\"font-family: Arial;\"><a style=\"color: #3366ff;\" href=\"https:\/\/www.essaude.ipsantarem.pt\/umis\/plano%20de%20atividades%20UMIS%202015.pdf\" target=\"_blank\" rel=\"noopener\">Plano de atividades UMIS 2015<\/a><\/span><\/strong><\/span><\/p>\n<p><span style=\"color: #3366ff;\"><strong><span style=\"font-family: Arial;\"><a style=\"color: #3366ff;\" href=\"https:\/\/www.essaude.ipsantarem.pt\/umis\/plano%20de%20atividades%20UMIS%202015.pdf\" target=\"_blank\" rel=\"noopener\">Relat\u00f3rio da UMIS 2015<\/a><\/span><\/strong><\/span><\/p>\n<p style=\"text-align: left;\" align=\"center\"><span style=\"color: #3366ff;\"><strong><span style=\"font-family: Arial;\"><a style=\"color: #3366ff;\" href=\"https:\/\/umis.ipsantarem.pt\/wp-content\/uploads\/2016\/06\/relatorio_umis_2016.pdf\" target=\"_blank\" rel=\"noopener\">Plano de atividades&nbsp;UMIS 2016<\/a><\/span><\/strong><\/span><\/p>\n<p><span style=\"color: #3366ff;\"><strong><a style=\"color: #3366ff;\" href=\"https:\/\/umis.ipsantarem.pt\/wp-content\/uploads\/2017\/11\/Relatorio_LinhaInv_UMIS_2016.pdf\" target=\"_blank\" rel=\"noopener\">Relat\u00f3rio Linha Investiga\u00e7\u00e3o&nbsp; UMIS 2016<\/a><\/strong><\/span><\/p>\n<p><span style=\"color: #3366ff;\"><strong><a style=\"color: #3366ff;\" href=\"https:\/\/umis.ipsantarem.pt\/wp-content\/uploads\/2018\/05\/RELAT\u00d3RIO-LINHA-INVESSS_2017.pdf\" target=\"_blank\" rel=\"noopener\">Relat\u00f3rio Linha INVESSS_2017<\/a><\/strong><\/span><\/p>\n<p><span style=\"color: #3366ff;\"><strong><a style=\"color: #3366ff;\" href=\"https:\/\/umis.ipsantarem.pt\/wp-content\/uploads\/2018\/05\/PLANO-DE-ATIVIDADES-UMIS_2018.pdf\" target=\"_blank\" rel=\"noopener\">Plano de Atividades UMIS_2018<\/a><\/strong><\/span><\/p>\n<p><span style=\"color: #3366ff;\"><strong><a style=\"color: #3366ff;\" href=\"https:\/\/umis.ipsantarem.pt\/wp-content\/uploads\/2019\/09\/RELAT\u00d3RIO-S\u00cdNTESE-INVESTIGA\u00c7\u00c3O-2018.pdf\" target=\"_blank\" rel=\"noopener\">RELAT\u00d3RIO S\u00cdNTESE INVESTIGA\u00c7\u00c3O 2018<\/a><\/strong><\/span><\/p>\n<h6><span style=\"color: #3366ff;\"><a style=\"color: #3366ff;\" href=\"https:\/\/umis.ipsantarem.pt\/wp-content\/uploads\/2019\/09\/Plano-de-Atividades-da-UMIS-2019.pd\" target=\"_blank\" rel=\"noopener\">Plano de Atividades da UMIS -2019<\/a><\/span><\/h6>\n<p><span style=\"color: #3366ff;\"><a style=\"color: #3366ff;\" href=\"https:\/\/umis.ipsantarem.pt\/wp-content\/uploads\/2020\/10\/1-PLANO-DE-ATIVIDADES-UMIS_AC-SIC_2020-2.pdf\"><strong>PLANO ATIVIDADES EMIS_ESSS_AC-SIC_2020<\/strong><\/a><\/span><\/p>\n","protected":false},"excerpt":{"rendered":"<p>Relat\u00f3rio de atividades EPS Relat\u00f3rio de&nbsp;Investiga\u00e7\u00e3o 2011 Relat\u00f3rio de&nbsp;Investiga\u00e7\u00e3o 2012 Relat\u00f3rio de&nbsp;Investiga\u00e7\u00e3o 2013 Plano de atividades UMIS 2014 Relat\u00f3rio de indicadores da &nbsp;UMIS 2014 Plano de atividades UMIS 2015 Relat\u00f3rio da UMIS 2015 Plano de atividades&nbsp;UMIS 2016 Relat\u00f3rio Linha Investiga\u00e7\u00e3o&nbsp; UMIS 2016 Relat\u00f3rio Linha INVESSS_2017 Plano de Atividades UMIS_2018 RELAT\u00d3RIO S\u00cdNTESE INVESTIGA\u00c7\u00c3O 2018 Plano de&hellip;&nbsp;<a href=\"https:\/\/umis.ipsantarem.pt\/?page_id=105\" class=\"\" rel=\"bookmark\">Ler mais &raquo;<span class=\"screen-reader-text\">Relat\u00f3rio\/Plano de Atividades<\/span><\/a><\/p>\n","protected":false},"author":1,"featured_media":0,"parent":103,"menu_order":0,"comment_status":"closed","ping_status":"closed","template":"","meta":{"neve_meta_sidebar":"","neve_meta_container":"","neve_meta_enable_content_width":"","neve_meta_content_width":0,"neve_meta_title_alignment":"","neve_meta_author_avatar":"","neve_post_elements_order":"","neve_meta_disable_header":"","neve_meta_disable_footer":"","neve_meta_disable_title":"","footnotes":""},"class_list":["post-105","page","type-page","status-publish","hentry"],"_links":{"self":[{"href":"https:\/\/umis.ipsantarem.pt\/index.php?rest_route=\/wp\/v2\/pages\/105"}],"collection":[{"href":"https:\/\/umis.ipsantarem.pt\/index.php?rest_route=\/wp\/v2\/pages"}],"about":[{"href":"https:\/\/umis.ipsantarem.pt\/index.php?rest_route=\/wp\/v2\/types\/page"}],"author":[{"embeddable":true,"href":"https:\/\/umis.ipsantarem.pt\/index.php?rest_route=\/wp\/v2\/users\/1"}],"replies":[{"embeddable":true,"href":"https:\/\/umis.ipsantarem.pt\/index.php?rest_route=%2Fwp%2Fv2%2Fcomments&post=105"}],"version-history":[{"count":38,"href":"https:\/\/umis.ipsantarem.pt\/index.php?rest_route=\/wp\/v2\/pages\/105\/revisions"}],"predecessor-version":[{"id":1028,"href":"https:\/\/umis.ipsantarem.pt\/index.php?rest_route=\/wp\/v2\/pages\/105\/revisions\/1028"}],"up":[{"embeddable":true,"href":"https:\/\/umis.ipsantarem.pt\/index.php?rest_route=\/wp\/v2\/pages\/103"}],"wp:attachment":[{"href":"https:\/\/umis.ipsantarem.pt\/index.php?rest_route=%2Fwp%2Fv2%2Fmedia&parent=105"}],"curies":[{"name":"wp","href":"https:\/\/api.w.org\/{rel}","templated":true}]}}