{"id":295,"date":"2014-10-22T00:01:54","date_gmt":"2014-10-22T00:01:54","guid":{"rendered":"http:\/\/umis.ipsantarem.pt\/?page_id=295"},"modified":"2022-10-17T11:35:36","modified_gmt":"2022-10-17T11:35:36","slug":"membros","status":"publish","type":"page","link":"https:\/\/umis.ipsantarem.pt\/?page_id=295","title":{"rendered":"Membros"},"content":{"rendered":"<h2>Jos\u00e9 Joaquim Penedos Amendoeira (Coordenador da UMIS)<\/h2>\n<h3><strong>Ci\u00eancia ID CE15-0FD4-1203<\/strong><\/h3>\n<p><span style=\"color: #3366ff;\"><a style=\"color: #3366ff;\" href=\"https:\/\/curriculum.degois.pt\/index.jsp?Key=4297730309518273\">https:\/\/curriculum.degois.pt\/index.jsp?Key=4297730309518273<\/a><\/span><\/p>\n<p><a style=\"color: #3366ff;\" href=\"https:\/\/lattes.cnpq.br\/8974993868762819\">https:\/\/lattes.cnpq.br\/8974993868762819<\/a><\/p>\n<p><span style=\"font-family: Calibri; font-size: medium;\"><strong>ORCID 0000-0002-4464-8517<\/strong> <\/span><\/p>\n<p><span style=\"margin: 0px; color: black; line-height: 107%; font-family: 'Calibri',sans-serif; font-size: 11pt;\"><b>SCOPUS Author ID:<\/b><b> <\/b><b>56942144400<\/b><\/span><\/p>\n<p><span style=\"font-size: small;\"><strong><span style=\"font-family: Calibri;\">Researcher ID: H-9991-2016<\/span><\/strong><\/span><\/p>\n<h3>E-mail:&nbsp;jose.amendoeira<img decoding=\"async\" title=\"\" src=\"https:\/\/si.essaude.ipsantarem.pt\/essaude_si\/imagens\/Arrobadtmod20150506122123\" alt=\"@\">essaude.ipsantarem.pt<\/h3>\n<p><a href=\"https:\/\/umis.ipsantarem.pt\/wp-content\/uploads\/2014\/10\/latesq.jpg\"><img loading=\"lazy\" decoding=\"async\" class=\"alignnone wp-image-901\" src=\"https:\/\/umis.ipsantarem.pt\/wp-content\/uploads\/2014\/10\/latesq-300x225.jpg\" alt=\"\" width=\"191\" height=\"143\"><\/a><\/p>\n<p>LISTA MEMBROS DA UMIS<\/p>\n<table width=\"657\">\n<tbody>\n<tr>\n<td width=\"389\">\n<h3><strong>PROFESSORES<\/strong><\/h3>\n<\/td>\n<td colspan=\"2\" width=\"265\">&nbsp;<\/td>\n<td width=\"3\">&nbsp;<\/td>\n<\/tr>\n<tr>\n<td width=\"389\">Isabel Maria Ribeiro Barroso da Silva<\/td>\n<td width=\"3\">&nbsp;<\/td>\n<\/tr>\n<tr>\n<td width=\"389\">H\u00e9lia Maria da Silva Dias<\/td>\n<td width=\"3\">&nbsp;<\/td>\n<\/tr>\n<tr>\n<td width=\"389\">Jos\u00e9 Joaquim Penedos Amendoeira Martins<\/td>\n<td width=\"3\">&nbsp;<\/td>\n<\/tr>\n<tr>\n<td width=\"389\">Alcinda Maria Sarmento Sacramento Costa Reis<\/td>\n<td width=\"3\">&nbsp;<\/td>\n<\/tr>\n<tr>\n<td width=\"389\">M\u00e1rio Jo\u00e3o Ribeiro da Silva<\/td>\n<td width=\"3\">&nbsp;<\/td>\n<\/tr>\n<tr>\n<td width=\"389\">Maria Regina Sardinheiro do C\u00e9u Furtado Ferreira<\/td>\n<td width=\"3\">&nbsp;<\/td>\n<\/tr>\n<tr>\n<td width=\"389\">Maria da F\u00e1tima Caixeiro da Cunha<\/td>\n<td width=\"3\">&nbsp;<\/td>\n<\/tr>\n<tr>\n<td width=\"389\">Maria Teresa Vieira Coelho<\/td>\n<td width=\"3\">&nbsp;<\/td>\n<\/tr>\n<tr>\n<td width=\"389\">Maria do Carmo Silva Figueiredo Pereira<\/td>\n<td width=\"3\">&nbsp;<\/td>\n<\/tr>\n<tr>\n<td width=\"389\">Maria Irene Mendes Pedro Santos<\/td>\n<td width=\"3\">&nbsp;<\/td>\n<\/tr>\n<tr>\n<td width=\"389\">Maria Olimpia Laurentino Cruz Carvalho Fonseca<\/td>\n<td width=\"3\">&nbsp;<\/td>\n<\/tr>\n<tr>\n<td width=\"389\">Maria Celeste Gomes de Aguiar Eloy Godinho Nogueira<\/td>\n<td width=\"3\">&nbsp;<\/td>\n<\/tr>\n<tr>\n<td width=\"389\">Marta Maria Gon\u00e7alves Rosa<\/td>\n<td width=\"3\">&nbsp;<\/td>\n<\/tr>\n<tr>\n<td width=\"389\">Maria da Concei\u00e7\u00e3o Fernandes Santiago<\/td>\n<td width=\"3\">&nbsp;<\/td>\n<\/tr>\n<tr>\n<td width=\"389\">Ana Cristina de Sp\u00ednola Costa Maymone Madeira<\/td>\n<td width=\"3\">&nbsp;<\/td>\n<\/tr>\n<tr>\n<td width=\"389\">Gina Maria Silva Marques<\/td>\n<td width=\"3\">&nbsp;<\/td>\n<\/tr>\n<tr>\n<td width=\"389\">J\u00falia da Concei\u00e7\u00e3o Marques dos Santos<\/td>\n<td width=\"3\">&nbsp;<\/td>\n<\/tr>\n<tr>\n<td width=\"389\">Teresa Margarida In\u00e1cio Silva Carreira<\/td>\n<td width=\"3\">&nbsp;<\/td>\n<\/tr>\n<tr>\n<td width=\"389\">Anabela de Jesus Duarte Escabelado C\u00e2ndido<\/td>\n<td width=\"3\">&nbsp;<\/td>\n<\/tr>\n<tr>\n<td width=\"389\">Maria Clara Martins Cunha Andr\u00e9<\/td>\n<td width=\"3\">&nbsp;<\/td>\n<\/tr>\n<tr>\n<td width=\"389\">Helena Isabel Marques Caseiro<\/td>\n<td width=\"3\">&nbsp;<\/td>\n<\/tr>\n<tr>\n<td width=\"389\">Maria de F\u00e1tima Lemos Branco Saragoila<\/td>\n<td width=\"3\">&nbsp;<\/td>\n<\/tr>\n<tr>\n<td width=\"389\">Joaquim Augusto Gon\u00e7alves Sim\u00f5es<\/td>\n<td width=\"3\">&nbsp;<\/td>\n<\/tr>\n<tr>\n<td width=\"389\">Maria da Concei\u00e7\u00e3o Pires Rosa<\/td>\n<td width=\"3\">&nbsp;<\/td>\n<\/tr>\n<tr>\n<td width=\"389\">Maria de Lourdes Ramos Cara\u00e7a<\/td>\n<td width=\"3\">&nbsp;<\/td>\n<\/tr>\n<tr>\n<td width=\"800\">\n<h3>ENFERMEIROS | ESTUDANTES 1\u00ba\/2\u00ba ciclo<\/h3>\n<\/td>\n<td colspan=\"2\" width=\"265\">&nbsp;<\/td>\n<td width=\"3\">&nbsp;<\/td>\n<\/tr>\n<tr>\n<td width=\"389\">Miguel Loureiro Neves<\/td>\n<td colspan=\"2\" width=\"265\"><\/td>\n<td width=\"3\">&nbsp;<\/td>\n<\/tr>\n<tr>\n<td width=\"389\">Maria Filipa Fernandes Tom\u00e9 Carvalho Pinheiro<\/td>\n<td colspan=\"2\" width=\"265\"><\/td>\n<td width=\"3\">&nbsp;<\/td>\n<\/tr>\n<tr>\n<td width=\"389\">Laura Mariana Gon\u00e7alves Henriques<\/td>\n<td colspan=\"2\" width=\"265\"><\/td>\n<td width=\"3\">&nbsp;<\/td>\n<\/tr>\n<tr>\n<td width=\"389\">Lu\u00eds Manuel Rodrigues Rainha<\/td>\n<td colspan=\"2\" width=\"265\"><\/td>\n<td width=\"3\">&nbsp;<\/td>\n<\/tr>\n<tr>\n<td width=\"389\">Ana Catarina Paulos Godinho<\/td>\n<td colspan=\"2\" width=\"265\"><\/td>\n<td width=\"3\">&nbsp;<\/td>\n<\/tr>\n<tr>\n<td width=\"389\">Melissa Fulg\u00eancio<\/td>\n<td colspan=\"2\" width=\"265\"><\/td>\n<td width=\"3\">&nbsp;<\/td>\n<\/tr>\n<tr>\n<td width=\"389\">Miguel Duarte Oliveira<\/td>\n<td colspan=\"2\" width=\"265\"><\/td>\n<td width=\"3\">&nbsp;<\/td>\n<\/tr>\n<tr>\n<td width=\"389\">Pedro Tiago Dias Silva<\/td>\n<td colspan=\"2\" width=\"265\"><\/td>\n<td width=\"3\">&nbsp;<\/td>\n<\/tr>\n<tr>\n<td width=\"389\">Rute Madalena Monteiro David<\/td>\n<td colspan=\"2\" width=\"265\"><\/td>\n<td width=\"3\">&nbsp;<\/td>\n<\/tr>\n<tr>\n<td width=\"389\">&nbsp; Sofia Isabel Baiote Caneira<\/td>\n<td colspan=\"2\" width=\"265\"><\/td>\n<td width=\"3\">&nbsp;<\/td>\n<\/tr>\n<tr>\n<td width=\"389\">Marta Filipa Ribeiro Jorge Labrador<\/td>\n<td colspan=\"2\" width=\"265\"><\/td>\n<td width=\"3\">&nbsp;<\/td>\n<\/tr>\n<tr>\n<td width=\"389\">Cl\u00e1udia Sofia Gomes Correia<\/td>\n<td colspan=\"2\" width=\"265\"><\/td>\n<td width=\"3\">&nbsp;<\/td>\n<\/tr>\n<tr>\n<td width=\"389\">Cristina Bernardes da Cruz Neves<\/td>\n<td colspan=\"2\" width=\"265\"><\/td>\n<td width=\"3\">&nbsp;<\/td>\n<\/tr>\n<tr>\n<td width=\"389\">Ana Cristina Ramos Pedroso<\/td>\n<td colspan=\"2\" width=\"265\"><\/td>\n<td width=\"3\">&nbsp;<\/td>\n<\/tr>\n<tr>\n<td width=\"389\">Daniela Freitas Nunes<\/td>\n<td colspan=\"2\" width=\"265\"><\/td>\n<td width=\"3\">&nbsp;<\/td>\n<\/tr>\n<tr>\n<td width=\"389\">Beatriz Salvador Mocha<\/td>\n<td colspan=\"2\" width=\"265\"><\/td>\n<td width=\"3\">&nbsp;<\/td>\n<\/tr>\n<tr>\n<td width=\"389\">Catarina Henrique Mendes<\/td>\n<td colspan=\"2\" width=\"265\"><\/td>\n<td width=\"3\">&nbsp;<\/td>\n<\/tr>\n<tr>\n<td width=\"389\">Diana Patricia Ferreira Carvalho<\/td>\n<td colspan=\"2\" width=\"265\"><\/td>\n<td width=\"3\">&nbsp;<\/td>\n<\/tr>\n<tr>\n<td width=\"389\">Nicole andorinha Alves<\/td>\n<td colspan=\"2\" width=\"265\"><\/td>\n<td width=\"3\">&nbsp;<\/td>\n<\/tr>\n<tr>\n<td width=\"389\">Maria Helena Marchante Fazeres<\/td>\n<td colspan=\"2\" width=\"265\"><\/td>\n<td width=\"3\">&nbsp;<\/td>\n<\/tr>\n<tr>\n<td width=\"389\">Cristiana Vila-Ch\u00e3 da Silva<\/td>\n<td colspan=\"2\" width=\"265\"><\/td>\n<td width=\"3\">&nbsp;<\/td>\n<\/tr>\n<tr>\n<td width=\"389\">Mariana Sofia Gomes Correia<\/td>\n<td colspan=\"2\" width=\"265\"><\/td>\n<td width=\"3\">&nbsp;<\/td>\n<\/tr>\n<tr>\n<td width=\"389\">Rita Monteiro Figueiredo<\/td>\n<td colspan=\"2\" width=\"265\"><\/td>\n<td width=\"3\">&nbsp;<\/td>\n<\/tr>\n<tr>\n<td width=\"389\">Jo\u00e3o Diogo Pic\u00e3o Rodrigues<\/td>\n<td colspan=\"2\" width=\"265\"><\/td>\n<td width=\"3\">&nbsp;<\/td>\n<\/tr>\n<tr>\n<td width=\"389\">Afonso Manuel Santos Gaspar<\/td>\n<td colspan=\"2\" width=\"265\"><\/td>\n<td width=\"3\">&nbsp;<\/td>\n<\/tr>\n<tr>\n<td width=\"389\">Eduardo Silva Filipe<\/td>\n<td colspan=\"2\" width=\"265\">&nbsp;<\/td>\n<td width=\"3\">&nbsp;<\/td>\n<\/tr>\n<tr>\n<td width=\"389\">Danilio Lopes dos Santos<\/td>\n<td colspan=\"2\" width=\"265\">&nbsp;<\/td>\n<td width=\"3\">&nbsp;<\/td>\n<\/tr>\n<tr>\n<td width=\"389\">Pedro Sampaio dos Santos Pereira<\/td>\n<td colspan=\"2\" width=\"265\"><\/td>\n<td width=\"3\">&nbsp;<\/td>\n<\/tr>\n<tr>\n<td width=\"389\">J\u00e9ssica Sofia Cavaco Madeira<\/td>\n<td colspan=\"2\" width=\"265\"><\/td>\n<td width=\"3\">&nbsp;<\/td>\n<\/tr>\n<tr>\n<td width=\"389\">Henrique Jorge Bento Ferreira<\/td>\n<td colspan=\"2\" width=\"265\"><\/td>\n<td width=\"3\">&nbsp;<\/td>\n<\/tr>\n<tr>\n<td width=\"389\">Carolina Escrevente Montez<\/td>\n<td colspan=\"2\" width=\"265\"><\/td>\n<td width=\"3\">&nbsp;<\/td>\n<\/tr>\n<tr>\n<td width=\"389\">Carolina Br\u00edgida Branco<\/td>\n<td colspan=\"2\" width=\"265\"><\/td>\n<td width=\"3\">&nbsp;<\/td>\n<\/tr>\n<tr>\n<td width=\"389\">Joana Filipa Gorj\u00e3o Teixeira<\/td>\n<td colspan=\"2\" width=\"265\"><\/td>\n<td width=\"3\">&nbsp;<\/td>\n<\/tr>\n<tr>\n<td width=\"389\">Catarina Filipa da Silva Pedro<\/td>\n<td colspan=\"2\" width=\"265\">&nbsp;<\/td>\n<td width=\"3\">&nbsp;<\/td>\n<\/tr>\n<tr>\n<td width=\"389\">Soraia Louren\u00e7o Marques Correia<\/td>\n<td colspan=\"2\" width=\"265\"><\/td>\n<td width=\"3\">&nbsp;<\/td>\n<\/tr>\n<tr>\n<td width=\"389\">Ana Raquel Mateus Carvalho<\/td>\n<td colspan=\"2\" width=\"265\">&nbsp;<\/td>\n<td width=\"3\">&nbsp;<\/td>\n<\/tr>\n<tr>\n<td width=\"389\">Beatriz Neves de Matos<\/td>\n<td colspan=\"2\" width=\"265\"><\/td>\n<td width=\"3\">&nbsp;<\/td>\n<\/tr>\n<tr>\n<td width=\"389\">Maria Carolino Catarino Silva<\/td>\n<td colspan=\"2\" width=\"265\"><\/td>\n<td width=\"3\">&nbsp;<\/td>\n<\/tr>\n<tr>\n<td width=\"389\">Francisco de Sousa Amaro Coutinho Fernandes<\/td>\n<td colspan=\"2\" width=\"265\"><\/td>\n<td width=\"3\">&nbsp;<\/td>\n<\/tr>\n<tr>\n<td width=\"389\">Carina Alexandra Pereira Ribeiro<\/td>\n<td colspan=\"2\" width=\"265\"><\/td>\n<td width=\"3\">&nbsp;<\/td>\n<\/tr>\n<tr>\n<td width=\"389\">Maria Magdalena Ornelas Viera<\/td>\n<td colspan=\"2\" width=\"265\"><\/td>\n<td width=\"3\">&nbsp;<\/td>\n<\/tr>\n<tr>\n<td width=\"389\">Salom\u00e9 Gomes Pedrosa<\/td>\n<td colspan=\"2\" width=\"265\"><\/td>\n<td width=\"3\">&nbsp;<\/td>\n<\/tr>\n<tr>\n<td width=\"389\">Arminda Gon\u00e7alves Dinis Matos<\/td>\n<td colspan=\"2\" width=\"265\"><\/td>\n<td width=\"3\">&nbsp;<\/td>\n<\/tr>\n<tr>\n<td width=\"389\">Monica Neves Mendes<\/td>\n<td colspan=\"2\" width=\"265\"><\/td>\n<td width=\"3\">&nbsp;<\/td>\n<\/tr>\n<tr>\n<td width=\"389\">Maria Jos\u00e9 Mart\u00edn Calado<\/td>\n<td colspan=\"2\" width=\"265\"><\/td>\n<td width=\"3\">&nbsp;<\/td>\n<\/tr>\n<tr>\n<td width=\"389\">Marina Isabel Santos Amaral<\/td>\n<td colspan=\"2\" width=\"265\"><\/td>\n<td width=\"3\">&nbsp;<\/td>\n<\/tr>\n<tr>\n<td width=\"389\">Gon\u00e7alo Miguel Gon\u00e7alves Martins Carvalho Dias<\/td>\n<td colspan=\"2\" width=\"265\"><\/td>\n<td width=\"3\">&nbsp;<\/td>\n<\/tr>\n<tr>\n<td width=\"389\">M\u00e1rcia Odete Freixieiro da Silva*<\/td>\n<td colspan=\"2\" width=\"265\"><\/td>\n<td width=\"3\">&nbsp;<\/td>\n<\/tr>\n<tr>\n<td width=\"389\">Silvana Coelho Palma*<\/td>\n<td colspan=\"2\" width=\"265\"><\/td>\n<td width=\"3\">&nbsp;<\/td>\n<\/tr>\n<tr>\n<td width=\"389\">Jo\u00e3o Pedro Martins dos Santos<\/td>\n<td colspan=\"2\" width=\"265\"><\/td>\n<td width=\"3\">&nbsp;<\/td>\n<\/tr>\n<tr>\n<td colspan=\"3\" width=\"654\">\n<h3><strong>OUTRAS INSTITUI\u00c7\u00d5ES<\/strong><\/h3>\n<\/td>\n<td width=\"3\">&nbsp;<\/td>\n<\/tr>\n<tr>\n<td width=\"389\">Ricardo Miguel Vieira de S\u00e3o Jo\u00e3o<\/td>\n<td colspan=\"2\" width=\"265\"><\/td>\n<td width=\"3\">&nbsp;<\/td>\n<\/tr>\n<tr>\n<td width=\"389\">Ana Catarina Silva<\/td>\n<td colspan=\"2\" width=\"265\"><\/td>\n<td width=\"3\">&nbsp;<\/td>\n<\/tr>\n<tr>\n<td>B\u00e1rbara Maria Gran\u00e9s Gon\u00e7alves B\u00e3ckstr\u00f4m<\/td>\n<td><\/td>\n<\/tr>\n<tr>\n<td>Maria Cristina Ferraz Saraiva Santinho<\/td>\n<td><\/td>\n<\/tr>\n<tr>\n<td>Em\u00edlia Carvalho Coutinho<\/td>\n<td><\/td>\n<\/tr>\n<tr>\n<td>Cl\u00e1udia Margarida Correia Balula Chaves<\/td>\n<td><\/td>\n<\/tr>\n<tr>\n<td>Joana Filipa Martins Gon\u00e7alves<\/td>\n<td><\/td>\n<\/tr>\n<tr>\n<td>Eduardo Santos Carvalho Botelho GIL<\/td>\n<td><\/td>\n<\/tr>\n<tr>\n<td>Mehoob Jan<\/td>\n<td><\/td>\n<\/tr>\n<tr>\n<td>Marisa Isabel de Sousa Nunes<\/td>\n<td><\/td>\n<\/tr>\n<tr>\n<td>Cristina Alexandra Brunido Pinto<\/td>\n<td><\/td>\n<\/tr>\n<tr>\n<td>Maria Em\u00edlia Hip\u00f3lito Gomes Rato<\/td>\n<td><\/td>\n<\/tr>\n<tr>\n<td>Maria do Ros\u00e1rio Costa Martins<\/td>\n<td><\/td>\n<\/tr>\n<tr>\n<td>Tatiana Cristina Diogo da Silva<\/td>\n<td><\/td>\n<\/tr>\n<\/tbody>\n<\/table>\n","protected":false},"excerpt":{"rendered":"<p>Jos\u00e9 Joaquim Penedos Amendoeira (Coordenador da UMIS) Ci\u00eancia ID CE15-0FD4-1203 https:\/\/curriculum.degois.pt\/index.jsp?Key=4297730309518273 https:\/\/lattes.cnpq.br\/8974993868762819 ORCID 0000-0002-4464-8517 SCOPUS Author ID: 56942144400 Researcher ID: H-9991-2016 E-mail:&nbsp;jose.amendoeiraessaude.ipsantarem.pt LISTA MEMBROS DA UMIS PROFESSORES &nbsp; &nbsp; Isabel Maria Ribeiro Barroso da Silva &nbsp; H\u00e9lia Maria da Silva Dias &nbsp; Jos\u00e9 Joaquim Penedos Amendoeira Martins &nbsp; Alcinda Maria Sarmento Sacramento Costa Reis &nbsp;&hellip;&nbsp;<a href=\"https:\/\/umis.ipsantarem.pt\/?page_id=295\" class=\"\" rel=\"bookmark\">Ler mais &raquo;<span class=\"screen-reader-text\">Membros<\/span><\/a><\/p>\n","protected":false},"author":1,"featured_media":0,"parent":0,"menu_order":0,"comment_status":"closed","ping_status":"closed","template":"","meta":{"neve_meta_sidebar":"","neve_meta_container":"","neve_meta_enable_content_width":"","neve_meta_content_width":0,"neve_meta_title_alignment":"","neve_meta_author_avatar":"","neve_post_elements_order":"","neve_meta_disable_header":"","neve_meta_disable_footer":"","neve_meta_disable_title":"","footnotes":""},"class_list":["post-295","page","type-page","status-publish","hentry"],"_links":{"self":[{"href":"https:\/\/umis.ipsantarem.pt\/index.php?rest_route=\/wp\/v2\/pages\/295"}],"collection":[{"href":"https:\/\/umis.ipsantarem.pt\/index.php?rest_route=\/wp\/v2\/pages"}],"about":[{"href":"https:\/\/umis.ipsantarem.pt\/index.php?rest_route=\/wp\/v2\/types\/page"}],"author":[{"embeddable":true,"href":"https:\/\/umis.ipsantarem.pt\/index.php?rest_route=\/wp\/v2\/users\/1"}],"replies":[{"embeddable":true,"href":"https:\/\/umis.ipsantarem.pt\/index.php?rest_route=%2Fwp%2Fv2%2Fcomments&post=295"}],"version-history":[{"count":44,"href":"https:\/\/umis.ipsantarem.pt\/index.php?rest_route=\/wp\/v2\/pages\/295\/revisions"}],"predecessor-version":[{"id":1848,"href":"https:\/\/umis.ipsantarem.pt\/index.php?rest_route=\/wp\/v2\/pages\/295\/revisions\/1848"}],"wp:attachment":[{"href":"https:\/\/umis.ipsantarem.pt\/index.php?rest_route=%2Fwp%2Fv2%2Fmedia&parent=295"}],"curies":[{"name":"wp","href":"https:\/\/api.w.org\/{rel}","templated":true}]}}