{"id":302,"date":"2014-10-22T00:08:31","date_gmt":"2014-10-22T00:08:31","guid":{"rendered":"http:\/\/umis.ipsantarem.pt\/?page_id=302"},"modified":"2022-10-13T14:03:08","modified_gmt":"2022-10-13T14:03:08","slug":"comunicacoes","status":"publish","type":"page","link":"https:\/\/umis.ipsantarem.pt\/?page_id=302","title":{"rendered":"Organiza\u00e7\u00e3o de Eventos"},"content":{"rendered":"<h2><strong>SEMIN\u00c1RIO TE\u00d3RICO-METODOL\u00d3GICO<\/strong><\/h2>\n<h3><a span=\"\" style=\"color: #3366ff;\" href=\"https:\/\/umis.ipsantarem.pt\/wp-content\/uploads\/2022\/10\/PROGRAMACAO-DO-SEMINARIO-TM-2021.pdf\">14 DE JULHO DE 2021 &#8211; <em>Juntos Somos Mais<\/em><\/a><\/h3>\n<h1><\/h1>\n<h2><strong>SEMIN\u00c1RIO TE\u00d3RICO-METODOL\u00d3GICO<\/strong><\/h2>\n<h3><em><strong>THEORETICAL METHODOLOGICAL SEMINAR&nbsp; <\/strong><\/em><\/h3>\n<h3>24 DE JUNHO DE 2020<\/h3>\n<p><strong>SESSION 1<\/strong> &#8211; <strong>INVESTIGA\u00c7\u00c3O EM QUALIDADE DE VIDA EM SA\u00daDE<\/strong>|<\/p>\n<p><em>&nbsp;&nbsp;&nbsp;&nbsp;&nbsp;&nbsp;&nbsp;&nbsp; &nbsp;&nbsp;&nbsp;&nbsp;&nbsp;&nbsp;&nbsp;RESEARCH<\/em><em> ON HEALTH QUALITY OF LIFE<\/em><\/p>\n<p><em>&nbsp;&nbsp;&nbsp;&nbsp;&nbsp;&nbsp;&nbsp;&nbsp;&nbsp;&nbsp;&nbsp;&nbsp;&nbsp;&nbsp;&nbsp;&nbsp;&nbsp;&nbsp; <\/em><strong>MODERADORA<\/strong><em>| MODERATOR &#8211;<\/em>PROF\u00aa Alcinda Reis PhD<\/p>\n<p><strong>&nbsp;<\/strong><\/p>\n<p><strong>14.OOH<\/strong> &#8211; <strong>Selfcare and Quality of life among adult patients with Heart failure: A Scoping Review | <\/strong><strong>Sheka Shemsi Sei (Master Mundus Student Emergency and Critical care Nursing)<\/strong>,<span style=\"font-size: inherit;\">Jos\u00e9 Amendoeira<\/span><\/p>\n<p><strong>15.00 H<\/strong> &#8211;&nbsp; <strong>Health Literacy and Quality of Life in Adult with Cardiovascular Diseases: A Scoping Review<\/strong><strong> | <\/strong><strong>Wiwin Winarni<\/strong> <strong>(Master Mundus Student Emergency and Critical care Nursing), <\/strong>Jos\u00e9 Amendoeira<\/p>\n<p><strong>SESSION 2<\/strong> <strong>&#8211; APRESENTA\u00c7\u00c3O PROPOSTA DE CANDIDATURA AO CONCURSO CIEQV<\/strong>|<\/p>\n<p><em>&nbsp;&nbsp;&nbsp;&nbsp;&nbsp;&nbsp;&nbsp;&nbsp; PROPOSAL PRESENTATION OF CONCOURSE APPLICATION &#8211; LQRC<\/em><\/p>\n<p><strong>16.00 H \u2013 APRESENTA\u00c7\u00c3O E DISCUSS\u00c3O DAS IDEIA<\/strong>S|<em>PRESENTATION AND IDEAS &nbsp;&nbsp;DISCUSSION<\/em><\/p>\n<p><strong>COORDENADOR(ES) DE DOM\u00cdNIO<\/strong>|<em>DOMAIN COORDINATORS<\/em><\/p>\n<p><em>&nbsp;&nbsp;&nbsp;&nbsp;&nbsp;&nbsp;&nbsp;&nbsp;&nbsp;&nbsp;&nbsp;&nbsp;&nbsp;&nbsp;&nbsp; <\/em><strong>MODERADOR<\/strong><em>|MODERATOR \u2013 Jos\u00e9 Amendoeira<\/em><\/p>\n<p><strong>DATA<\/strong><em> | SAVE THE DATE&nbsp;&nbsp; <\/em><strong>24 DE JUNHO DE 2020<\/strong><em>|JUNE 24TH 2020<\/em><\/p>\n<p><em>Webinar <\/em><strong>INSCRI\u00c7\u00c3O<a href=\"#_ftn1\" name=\"_ftnref1\">[1]<\/a>|<\/strong><em>REGISTER<sup>1<\/sup> <\/em><span style=\"color: #3366ff;\"><a style=\"color: #3366ff;\" href=\"https:\/\/docs.google.com\/forms\/d\/e\/1FAIpQLSf8HAqoyb3ohmaGuZyllABxWfR_YveN6p6dewQ1UkX0Jber3w\/viewform\">https:\/\/docs.google.com\/forms\/d\/e\/1FAIpQLSf8HAqoyb3ohmaGuZyllABxWfR_YveN6p6dewQ1UkX0Jber3w\/viewform<\/a><\/span><\/p>\n<p><a href=\"#_ftnref1\" name=\"_ftn1\">[1]<\/a> <strong>Apenas pela log\u00edstica da organiza\u00e7\u00e3o<\/strong><em>|<strong>Just for the organization&#8217;s logistics<\/strong><\/em><\/p>\n<h2><strong>SEMIN\u00c1RIO TE\u00d3RICO METODOL\u00d3GICO |UMIS 25 de junho de 2019<\/strong><\/h2>\n<p><strong>PROGRAMA CIENT\u00cdFICO E METODOL\u00d3GICO<\/strong><\/p>\n<p><strong>9.30 H<\/strong> \u2013 Abertura do Semin\u00e1rio<\/p>\n<p>Diretora da Escola Superior de Sa\u00fade de Santar\u00e9m<\/p>\n<p>Diretora da UI_IPSantar\u00e9m<\/p>\n<p>Presidente do Conselho T\u00e9cnico- Cient\u00edfico<\/p>\n<p>Presidente do Conselho Pedag\u00f3gico<\/p>\n<p>Coordenador da UMIS \u2013 Apresenta\u00e7\u00e3o da Individualidade Internacional<\/p>\n<p><strong>10.00 h<\/strong> \u2013 Mesa redonda \u201c<strong>Da Extens\u00e3o \u00e0 Comunidade \u00e0 Investiga\u00e7\u00e3o Aplicada<\/strong>\u201d<\/p>\n<p>Facilitadores: Alcinda Reis (PhD) &amp; Miguel Oliveira|Relatores Ana Sp\u00ednola (PhD) e<\/p>\n<p>Teresa Carreira (MsC)<\/p>\n<p><em>A Promo\u00e7\u00e3o da Sa\u00fade nos dom\u00ednios da Alimenta\u00e7\u00e3o, Sexualidade e Consumos nocivos<\/em><\/p>\n<p>Maria do Carmo Figueiredo (PhD) \u2013 <strong>A Alimenta\u00e7\u00e3o<\/strong><\/p>\n<p>H\u00e9lia Dias (PhD) \u2013 <strong>A Sexualidade<\/strong><\/p>\n<p>Clara Andr\u00e9 (MsC) \u2013 <strong>Os Consumos Nocivos<\/strong><\/p>\n<p><strong>10.45 h<\/strong> \u2013 <em>Intervalo para caf\u00e9 e fruta<\/em><\/p>\n<p><strong>11.00 h<\/strong> \u2013 Mesa Redonda \u201c<strong>A Investiga\u00e7\u00e3o na Produ\u00e7\u00e3o de Instrumentos Naria do Carmo; H\u00e9lia Dias e Clara Andr\u00e9 \u2013 Cumporimento de Capacita\u00e7\u00e3o e Avalia\u00e7\u00e3o da Literacia para a Sa\u00fade<\/strong>\u201d<\/p>\n<p>Facilitadores: Maria do Carmo Figueiredo (PhD) &amp; S\u00edlvia Gaspar| Relatores Teresa Coelho (PhD) e Filipe Madeira (PhD)<\/p>\n<p><em>YourPEL_Promo\u00e7\u00e3o da Sa\u00fade, Empowerment e Literacia para a Sa\u00fadRegina Ferreira e e: Olhar o FuturoAlcinda Reis<\/em><\/p>\n<p>H\u00e9lia Dias (PhD) (IR do YourPEL)<\/p>\n<p><strong>12.00 h<\/strong> &#8211;<strong> Coment\u00e1rio Cient\u00edfico e Metodol\u00f3gico<\/strong>: Cristina Zamarioli (PhD)<\/p>\n<p><strong>12.30 h<\/strong> <em>Almo\u00e7o livre<\/em><\/p>\n<p><strong>14.00 h<\/strong> \u2013 Mesa Redonda \u201c<strong>Da transversalidade \u00e0 singularidade do cidad\u00e3o ao longo do ciclo de Vida: Desafios para o Futuro<\/strong>\u201d<\/p>\n<p>Facilitadores: Regina Ferreira (PhD) &amp; M\u00e1rio Silva (PhD)| Relatores:&nbsp;&nbsp; Irene Santos (PhD) e<\/p>\n<p>Marta Rosa (PhD)<\/p>\n<p>\u201cMulticulturalismo e Inclus\u00e3o Social\u201d \u2013 Alcinda Reis (PhD) &amp; Maria Barbas (Post-PhD)<\/p>\n<p>\u201cSa\u00fade Mental.\u201d \u2013 Teresa Coelho (PhD)<\/p>\n<p>\u201cExerc\u00edcio e Atividade F\u00edsica\u201d \u2013 Rita Santos Rocha (PhD) &amp; Jos\u00e9 Louren\u00e7o (MsC)<\/p>\n<p>\u201cA Dieta Mediterr\u00e2nica desafio societal\u201d Paula Pinto (PhD) &amp; M\u00aa Carmo Figueiredo (PhD)<\/p>\n<p><strong>15.30 h<\/strong> \u2013 <em>Intervalo para caf\u00e9 e fruta<\/em><\/p>\n<p>16.00 h \u2013 <strong><em>Vamos<\/em><\/strong> <strong><em>Continuar<\/em><\/strong><em>\u2026<\/em><\/p>\n<p>Facilitadores \u2013 Isabel Barroso (PhD Student) | Cristina Zamarioli (PhD)<\/p>\n<p>Jos\u00e9 Amendoeira (Post-PhD) <em>A UMIS no Processo de Emancipa\u00e7\u00e3o para um Futuro consolidado<\/em> \u201c<strong>Health Status Indicator \u2013 WHO<em>r<\/em>You_ALL \u2013 Healthy Aging<\/strong>\u201d<\/p>\n<p>\u201c<strong>Indicadores de Sa\u00fade<\/strong> \u2013 <strong>QUEM<em>sois<\/em>V\u00f3s_Todos_Envelhecimento Saud\u00e1vel<\/strong>\u201d<\/p>\n<h2><strong>ESCOLAS PROMOTORAS DE SA\u00daDE \u2013 <em>DESENVOLVER NO PRESENTE PARA CONSOLIDAR NO FUTURO<\/em><\/strong><\/h2>\n<ul>\n<li><strong>13 de fevereiro de 2016, ESDRM<\/strong><\/li>\n<li>Atividade integrada no Congresso de Investiga\u00e7\u00e3o da UIIPS 2016.<\/li>\n<\/ul>\n<p>A ESSS como Escola Promotora de Sa\u00fade tem-se constitu\u00eddo como um projeto inovador e integrado num contexto local e regional ilustra como as parcerias s\u00e3o estrat\u00e9gicas, permitindo a cada parceiro potenciar-se pelas sinergias criadas.<\/p>\n<p>Pretendemos continuar a investir neste projeto alargando-o a outros parceiros, sejam agrupamentos escolares e\/ou escolas ou outros, com o envolvimento de estudantes e professores da escola no sentido da valoriza\u00e7\u00e3o dos pressupostos e na defesa dos princ\u00edpios de uma institui\u00e7\u00e3o de ensino superior promotora da sa\u00fade.<\/p>\n<h2>IX Congresso Hispano-luso de Estudantes de Enfermagem,2016; Oviedo<\/h2>\n<p>Participa\u00e7\u00e3o na Comiss\u00e3o Organizadora em parceria&nbsp;entre estudantes e professores.<\/p>\n<p>Participa\u00e7\u00e3o de professores na Comiss\u00e3o Cient\u00edfica do Congresso<\/p>\n","protected":false},"excerpt":{"rendered":"<p>SEMIN\u00c1RIO TE\u00d3RICO-METODOL\u00d3GICO 14 DE JULHO DE 2021 &#8211; Juntos Somos Mais SEMIN\u00c1RIO TE\u00d3RICO-METODOL\u00d3GICO THEORETICAL METHODOLOGICAL SEMINAR&nbsp; 24 DE JUNHO DE 2020 SESSION 1 &#8211; INVESTIGA\u00c7\u00c3O EM QUALIDADE DE VIDA EM SA\u00daDE| &nbsp;&nbsp;&nbsp;&nbsp;&nbsp;&nbsp;&nbsp;&nbsp; &nbsp;&nbsp;&nbsp;&nbsp;&nbsp;&nbsp;&nbsp;RESEARCH ON HEALTH QUALITY OF LIFE &nbsp;&nbsp;&nbsp;&nbsp;&nbsp;&nbsp;&nbsp;&nbsp;&nbsp;&nbsp;&nbsp;&nbsp;&nbsp;&nbsp;&nbsp;&nbsp;&nbsp;&nbsp; MODERADORA| MODERATOR &#8211;PROF\u00aa Alcinda Reis PhD &nbsp; 14.OOH &#8211; Selfcare and Quality of life among adult&hellip;&nbsp;<a href=\"https:\/\/umis.ipsantarem.pt\/?page_id=302\" class=\"\" rel=\"bookmark\">Ler mais &raquo;<span class=\"screen-reader-text\">Organiza\u00e7\u00e3o de Eventos<\/span><\/a><\/p>\n","protected":false},"author":1,"featured_media":0,"parent":0,"menu_order":0,"comment_status":"closed","ping_status":"closed","template":"","meta":{"neve_meta_sidebar":"","neve_meta_container":"","neve_meta_enable_content_width":"","neve_meta_content_width":0,"neve_meta_title_alignment":"","neve_meta_author_avatar":"","neve_post_elements_order":"","neve_meta_disable_header":"","neve_meta_disable_footer":"","neve_meta_disable_title":"","footnotes":""},"class_list":["post-302","page","type-page","status-publish","hentry"],"_links":{"self":[{"href":"https:\/\/umis.ipsantarem.pt\/index.php?rest_route=\/wp\/v2\/pages\/302"}],"collection":[{"href":"https:\/\/umis.ipsantarem.pt\/index.php?rest_route=\/wp\/v2\/pages"}],"about":[{"href":"https:\/\/umis.ipsantarem.pt\/index.php?rest_route=\/wp\/v2\/types\/page"}],"author":[{"embeddable":true,"href":"https:\/\/umis.ipsantarem.pt\/index.php?rest_route=\/wp\/v2\/users\/1"}],"replies":[{"embeddable":true,"href":"https:\/\/umis.ipsantarem.pt\/index.php?rest_route=%2Fwp%2Fv2%2Fcomments&post=302"}],"version-history":[{"count":9,"href":"https:\/\/umis.ipsantarem.pt\/index.php?rest_route=\/wp\/v2\/pages\/302\/revisions"}],"predecessor-version":[{"id":1846,"href":"https:\/\/umis.ipsantarem.pt\/index.php?rest_route=\/wp\/v2\/pages\/302\/revisions\/1846"}],"wp:attachment":[{"href":"https:\/\/umis.ipsantarem.pt\/index.php?rest_route=%2Fwp%2Fv2%2Fmedia&parent=302"}],"curies":[{"name":"wp","href":"https:\/\/api.w.org\/{rel}","templated":true}]}}