{"id":381,"date":"2014-10-30T14:59:08","date_gmt":"2014-10-30T14:59:08","guid":{"rendered":"http:\/\/umis.ipsantarem.pt\/?page_id=381"},"modified":"2019-09-19T23:05:54","modified_gmt":"2019-09-19T23:05:54","slug":"escola-promotora-de-saude-as-atitudes-e-o-conforto-dos-enfermeiros-sobre-a-sexualidade","status":"publish","type":"page","link":"https:\/\/umis.ipsantarem.pt\/?page_id=381","title":{"rendered":"Escola Promotora de Sa\u00fade &#8211; As atitudes e o conforto dos enfermeiros sobre a sexualidade"},"content":{"rendered":"\n<table class=\"wp-block-table\"><tbody><tr><td>\n  <strong>Acr\u00f3nimo:<\/strong>\n  <\/td><td>\n  EPS_Nurs*\n  Sex\n  <\/td><\/tr><tr><td>\n  <strong>Designa\u00e7\u00e3o\n  do projeto (PT\/EN): <\/strong>\n  <\/td><td>\n  <strong>EPS-As atitudes e o\n  conforto dos enfermeiros sobre a sexualidade<\/strong>\n  <strong>EPS- The nurses\u2019\n  attitudes and comfort regarding sexuality<\/strong>\n  <\/td><\/tr><tr><td>\n  <strong>C\u00f3digo\n  do projeto: <\/strong>\n  <\/td><td>\n  <strong>N.A.<\/strong>\n  <\/td><\/tr><tr><td>\n  <strong>Objetivo\n  principal:<\/strong>\n  <\/td><td>\n  &nbsp;\n  <\/td><\/tr><tr><td>\n  <strong>Entidade\n  financiadora\/Programa de financiamento: <\/strong>\n  <\/td><td>\n  PCTA\n  <\/td><\/tr><tr><td>\n  <strong>Regi\u00e3o\n  de interven\u00e7\u00e3o:<\/strong>\n  <\/td><td>\n  <strong>Santar\u00e9m<\/strong>\n  <\/td><\/tr><tr><td>\n  <strong>Custo\n  total eleg\u00edvel: <\/strong>\n  <\/td><td>\n  <strong>N.A.<\/strong>\n  <\/td><\/tr><tr><td>\n  <strong>Apoio\n  financeiro da Uni\u00e3o Europeia:<\/strong>\n  <\/td><td>\n  N.A.\n  <\/td><\/tr><tr><td>\n  <strong>Apoio\n  financeiro p\u00fablico nacional\/regional:<\/strong>\n  <\/td><td>\n  PCTA\n  2012-2015\n  <\/td><\/tr><tr><td>\n  <strong>Taxas\n  de financiamento:&nbsp; <\/strong>\n  <\/td><td>\n  N.A.\n  <\/td><\/tr><tr><td>\n  <strong>Entidade\n  benefici\u00e1ria: <\/strong>\n  <\/td><td>\n  <strong>IPSantar\u00e9m- Escola\n  Superior de Sa\u00fade de Santar\u00e9m- UMIS<\/strong>\n  <\/td><\/tr><tr><td>\n  <strong>Investigador\n  Respons\u00e1vel: <\/strong>\n  <\/td><td>\n  <strong>H\u00e9lia Maria da Silva\n  Dias, RN, MSc,PhD<\/strong>\n  <\/td><\/tr><tr><td>\n  <strong>Parceiros:\n  <\/strong>\n  <\/td><td>\n  <strong>Unidades de Sa\u00fade da Regi\u00e3o\n  de Santar\u00e9m<\/strong>\n  <\/td><\/tr><tr><td>\n  <strong>Equipa:\n  <\/strong>\n  <\/td><td>\n  Amendoeira, Jos\u00e9, PhD\/IPSantar\u00e9m-ESSS-UMIS;\n  Ui-IPS; CIIS-UCP\n  Sp\u00ednola, Ana, PhD\/IPSantar\u00e9m-ESSS-UMIS; Ui-IPS;\n  CEMRI-UAB\n  Cruz, Ol\u00edmpia, MsN\/ IPSantar\u00e9m-ESSS-UMIS; Ui-IPS\n  Santiago, Concei\u00e7\u00e3o, MsN\/ IPSantar\u00e9m-ESSS-UMIS;\n  Ui-IPS\n  Carreira, Teresa, MsN\/ IPSantar\u00e9m-ESSS-UMIS;\n  Ui-IPS\n  <\/td><\/tr><tr><td>\n  <strong>Data\n  da aprova\u00e7\u00e3o:<\/strong>\n  <\/td><td>\n  &nbsp;\n  <\/td><\/tr><tr><td>\n  <strong>Data\n  de in\u00edcio: <\/strong>\n  <\/td><td>   \u00a0   2007<\/td><\/tr><tr><td>\n  <strong>Data\n  da conclus\u00e3o:<\/strong>\n  <\/td><td>   <strong>\u00a0<\/strong>Ativo   <\/td><\/tr><tr><td>\n  <strong>Dom\u00ednio\n  cient\u00edfico e sub\u00e1rea cient\u00edfica: <\/strong>\n  <\/td><td>\n  Life\n  and Health Sciences. Diagnostic, Therapies and Public Health\n  <\/td><\/tr><tr><td>\n  <strong>Resumo\n  (objetivos, atividades e resultados esperados) &#8211; em PT e\/ou EN: <\/strong>\n  <\/td><td>\n  A abordagem da sexualidade \u00e9, ainda, na\n  pr\u00e1tica cl\u00ednica de enfermagem rodeada de mitos e preconceitos, fazendo com\n  que numerosas barreiras impe\u00e7am o seu desenvolvimento. As atitudes e o\n  conforto constituem-se como barreiras significativas, pelo que \u00e9 importante caracteriz\u00e1-las\n  nos enfermeiros, no sentido de que pela sua identifica\u00e7\u00e3o seja poss\u00edvel, estruturar\n  linhas de forma\u00e7\u00e3o promotoras duma interven\u00e7\u00e3o congruente com as necessidades\n  da singularidade de cada pessoa. Desta inten\u00e7\u00e3o decorre o estudo que se\n  encontra em curso.\n  \n  The approach of sexuality is also in clinical\n  nursing practice surrounded by myths, and prejudices, causing numerous\n  barriers to prevent its development. The attitudes and comfort constitute significant\n  barriers, so it is important to characterize them in nurses, in the sense\n  that its identification is possible to structure training lines that promote\n  an intervention that is congruent with the needs of the individuality of each\n  person. From this intention follows the study that is underway.\n  &nbsp;\n  <\/td><\/tr><tr><td>\n  <strong><em>Link<\/em><\/strong><strong> para p\u00e1gina do projeto&nbsp;(outros <em>Links<\/em>): <\/strong>\n  <\/td><td>\n  <strong>&nbsp;<\/strong>\n  <strong>https:\/\/si.essaude.ipsantarem.pt\/essaude_si\/web_base.gera_pagina?p_pagina=1343932<\/strong>\n  <\/td><\/tr><tr><td>\n  <strong>Outras\n  informa\u00e7\u00f5es: <\/strong>\n  <\/td><td>   <strong>Produ\u00e7\u00e3o Cient\u00edfica:<\/strong>   \u00a0   <br>Dias, H.; Cruz, O.; Santiago, M. C.;   Carreira, T.; Ana Sp\u00ednola; Amendoeira, J. Attitudes and barriers in the   inclusion of sexuality: a perspective of nurses from the cardiac area. Aten   Primaria;48 Supl C:1-24, p. 9, 2016.   <br>Dias, H. Sim-Sim, M. The   teaching and learning of sexuality of nursing education.BMC Health Services   Research, v. 16, Suppl 3, p.31, 2016.   <br>Dias,   H.; Sim-Sim, M. Validation of the Sexuality Attitudes and Beliefs Survey   (SABS) for the Portuguese population. Acta Paulista de Enfermagem, v. 28, n.   3, p. 196-201, 2015. Com arbitragem cient\u00edfica.   Dias,   H.; Cruz, O.; Santiago, M. C.; Carreira, T.; Amendoeira, J. As atitudes dos   enfermeiros na abordagem da sexualdiade. REVISTA da UIIPS, v. 2, n. 5, p.   7-20, 2014. Com arbitragem cient\u00edfica.   <br>Grincho,   N.; Torcato, L.; Dias, H.. A viv\u00eancia da sexualidade do casal durante a   amamenta\u00e7\u00e3o. Revista da UiIPS, v. 2, n. 2, p. 568-523, 2014. Com arbitragem   cient\u00edfica.   <br><strong>Comunica\u00e7\u00f5es:<\/strong>   <br>Dias, H. A viv\u00eancia da   sexualidade. XXIII Jornadas de Cardiologia de Santar\u00e9m. Portugal. 2017   Dias, H.; Cruz, O.;   Santiago, M. C.; Carreira, T.; Ana Sp\u00ednola; Amendoeira, J. As atitudes e as   cren\u00e7as dos enfermeiros sobre a sexualidade. Congresso \u201cInvestiga\u00e7\u00e3o em   qualidade de vida, inova\u00e7\u00e3o e tecnologia\u201d \u2013 UiIPS. Portugal. 2016.   <br>Dias, H.; Cruz, O.;   Santiago, M. C.; Carreira, T.; Ana Sp\u00ednola; Amendoeira, J. Attitudes and   barriers in the inclusion of sexuality: a perspective of nurses from the   cardiac area. 3rd World Congress of Health Research. Portugal. 2016.   <br>Dias, H. Sim-Sim, M.   Conhecimentos, perce\u00e7\u00f5es e atitudes sobre sexualidade dos estudantes e   professores de enfermagem. 3rd World Congress of Health Research. Portugal.   2016.   Dias, H. Sim-Sim, M. The   teaching and learning of sexuality of nursing education. 3rd IPLeiria   International Health Congress: Health, Demographic Changes &amp; Well\u2010being. Portugal. 2016.   <br>Dias, H. A sexualidade   ap\u00f3s um evento card\u00edaco. Congresso Portugu\u00eas de Cardiologia. Portugal. 2016.   <br>Mendes, M. J.; Dias, H.;   Santiago, M. C. Cursos de prepara\u00e7\u00e3o para a parentalidade: Impacto na   capacita\u00e7\u00e3o dos pais. I Congresso Internacional de Sa\u00fade Materna. Portugal.   2015.   <br>Dias, H. Sa\u00fade e   Sexualidade. VIII Congresso Hispano-Luso de estudantes de enfermeira   (Participa\u00e7\u00e3o Portuguesa). Portugal. 2014. <br><strong>Confer\u00eancia   <\/strong><br>Grincho, N.; Torcato,   L.; Dias, H. A viv\u00eancia da sexualidade do casal durante a amamenta\u00e7\u00e3o.   CONGRESSO \u201cInvestiga\u00e7\u00e3o, Inova\u00e7\u00e3o e Tecnologia: novos desafios\u201d. Portugal.   2014.   <br>Dias, H. A enfermagem e   a sexualidade na pessoa com doen\u00e7a card\u00edaca. XIX Jornadas de Cardiologia. Portugal.   2013. (Confer\u00eancia).  <br> <strong>Workshop:<\/strong>   <br>Dias, H. Perturba\u00e7\u00e3o da   identidade de g\u00e9nero, o caso da transsexualidade. XXXIV Encontro nacional de   estudantes de enfermagem. Portugal. 2013.   <br><strong>Poster:<\/strong>    \u00a0   <br>Dias, H. Do ser mulher&#8230;Ao ser enfermeira:   Cuidar na perspectiva do g\u00e9nero,XVIII Jornadas de Cardiologia do Sul e   Regi\u00f5es Aut\u00f3nomas, IX Jornadas de Cardiologia de Santar\u00e9m,Vale de Santar\u00e9m, 2003.   \u00a0   <strong>Outras atividades Formativas\/Extens\u00e3o \u00e0 Comunidade:<\/strong>    \u00a0  <br> Dias, H.; Cruz, O. A Sexualidade e os Cuidados de Enfermagem.   Forma\u00e7\u00e3o efetuada a Enfermeiros do Servi\u00e7o de Cardiologia, Hospital de   Santar\u00e9m. 28 de novembro de 2017   \u00a0   <strong>\u00a0<\/strong>   \u00a0   <\/td><\/tr><tr><td>\n  <strong>&nbsp;<\/strong>\n  <\/td><td>\n  <strong>&nbsp;<\/strong>\n  <\/td><\/tr><tr><td>\n  <strong>O\/A\n  INVESTIGADOR(A) RESPONS\u00c1VEL,<\/strong>\n  <\/td><td>\n  H\u00e9lia\n  Maria da Silva Dias\n  <\/td><\/tr><\/tbody><\/table>\n","protected":false},"excerpt":{"rendered":"<p>Acr\u00f3nimo: EPS_Nurs* Sex Designa\u00e7\u00e3o do projeto (PT\/EN): EPS-As atitudes e o conforto dos enfermeiros sobre a sexualidade EPS- The nurses\u2019 attitudes and comfort regarding sexuality C\u00f3digo do projeto: N.A. Objetivo principal: &nbsp; Entidade financiadora\/Programa de financiamento: PCTA Regi\u00e3o de interven\u00e7\u00e3o: Santar\u00e9m Custo total eleg\u00edvel: N.A. Apoio financeiro da Uni\u00e3o Europeia: N.A. Apoio financeiro p\u00fablico nacional\/regional:&hellip;&nbsp;<a href=\"https:\/\/umis.ipsantarem.pt\/?page_id=381\" class=\"\" rel=\"bookmark\">Ler mais &raquo;<span class=\"screen-reader-text\">Escola Promotora de Sa\u00fade &#8211; As atitudes e o conforto dos enfermeiros sobre a sexualidade<\/span><\/a><\/p>\n","protected":false},"author":1,"featured_media":0,"parent":136,"menu_order":0,"comment_status":"closed","ping_status":"closed","template":"","meta":{"neve_meta_sidebar":"","neve_meta_container":"","neve_meta_enable_content_width":"","neve_meta_content_width":0,"neve_meta_title_alignment":"","neve_meta_author_avatar":"","neve_post_elements_order":"","neve_meta_disable_header":"","neve_meta_disable_footer":"","neve_meta_disable_title":"","footnotes":""},"class_list":["post-381","page","type-page","status-publish","hentry"],"_links":{"self":[{"href":"https:\/\/umis.ipsantarem.pt\/index.php?rest_route=\/wp\/v2\/pages\/381"}],"collection":[{"href":"https:\/\/umis.ipsantarem.pt\/index.php?rest_route=\/wp\/v2\/pages"}],"about":[{"href":"https:\/\/umis.ipsantarem.pt\/index.php?rest_route=\/wp\/v2\/types\/page"}],"author":[{"embeddable":true,"href":"https:\/\/umis.ipsantarem.pt\/index.php?rest_route=\/wp\/v2\/users\/1"}],"replies":[{"embeddable":true,"href":"https:\/\/umis.ipsantarem.pt\/index.php?rest_route=%2Fwp%2Fv2%2Fcomments&post=381"}],"version-history":[{"count":7,"href":"https:\/\/umis.ipsantarem.pt\/index.php?rest_route=\/wp\/v2\/pages\/381\/revisions"}],"predecessor-version":[{"id":397,"href":"https:\/\/umis.ipsantarem.pt\/index.php?rest_route=\/wp\/v2\/pages\/381\/revisions\/397"}],"up":[{"embeddable":true,"href":"https:\/\/umis.ipsantarem.pt\/index.php?rest_route=\/wp\/v2\/pages\/136"}],"wp:attachment":[{"href":"https:\/\/umis.ipsantarem.pt\/index.php?rest_route=%2Fwp%2Fv2%2Fmedia&parent=381"}],"curies":[{"name":"wp","href":"https:\/\/api.w.org\/{rel}","templated":true}]}}