{"id":627,"date":"2015-06-03T17:25:17","date_gmt":"2015-06-03T17:25:17","guid":{"rendered":"http:\/\/umis.ipsantarem.pt\/?page_id=627"},"modified":"2019-09-19T23:26:59","modified_gmt":"2019-09-19T23:26:59","slug":"crescer-com-peso-e-medida-na-chamusca","status":"publish","type":"page","link":"https:\/\/umis.ipsantarem.pt\/?page_id=627","title":{"rendered":"Crescer com peso e medida"},"content":{"rendered":"\n<table class=\"wp-block-table\"><tbody><tr><td>\n  <strong>Acr\u00f3nimo:<\/strong>\n  <\/td><td>\n  N.A.\n  <\/td><\/tr><tr><td>\n  <strong>Designa\u00e7\u00e3o\n  do projeto (PT\/EN): <\/strong>\n  <\/td><td>\n  <strong>Crescer com peso e\n  medida na Chamusca<\/strong>\n  <\/td><\/tr><tr><td>\n  <strong>C\u00f3digo\n  do projeto: <\/strong>\n  <\/td><td>\n  <strong>N.A.<\/strong>\n  <\/td><\/tr><tr><td>\n  <strong>Objetivo\n  principal:<\/strong>\n  <\/td><td>\n  Realizar um diagn\u00f3stico de situa\u00e7\u00e3o, no\n  \u00e2mbito da alimenta\u00e7\u00e3o nas Escolas Piloto (pr\u00e9-escolar e 1\u00ba ciclo) na\n  freguesia da Chamusca. \n  Planear a interven\u00e7\u00e3o adequada e\n  individualizada, com estrat\u00e9gias de educa\u00e7\u00e3o para a sa\u00fade, junto da\n  comunidade escolar.\n  <\/td><\/tr><tr><td>\n  <strong>Entidade\n  financiadora\/Programa de financiamento: <\/strong>\n  <\/td><td>\n  PCTA\n  <\/td><\/tr><tr><td>\n  <strong>Regi\u00e3o\n  de interven\u00e7\u00e3o:<\/strong>\n  <\/td><td>\n  <strong>Santar\u00e9m<\/strong>\n  <\/td><\/tr><tr><td>\n  <strong>Custo\n  total eleg\u00edvel: <\/strong>\n  <\/td><td>\n  <strong>N.A.<\/strong>\n  <\/td><\/tr><tr><td>\n  <strong>Apoio\n  financeiro da Uni\u00e3o Europeia:<\/strong>\n  <\/td><td>\n  N.A.\n  <\/td><\/tr><tr><td>\n  <strong>Apoio\n  financeiro p\u00fablico nacional\/regional:<\/strong>\n  <\/td><td>\n  PCTA\n  2012-2015\n  <\/td><\/tr><tr><td>\n  <strong>Taxas\n  de financiamento:&nbsp; <\/strong>\n  <\/td><td>\n  N.A.\n  <\/td><\/tr><tr><td>\n  <strong>Entidade\n  benefici\u00e1ria: <\/strong>\n  <\/td><td>\n  IPSantar\u00e9m-\n  Escola Superior de Sa\u00fade de Santar\u00e9m- UMIS\n  <\/td><\/tr><tr><td>\n  <strong>Investigador\n  Respons\u00e1vel: <\/strong>\n  <\/td><td>   Jos\u00e9   Amendoeira, RN, MSc,Post-PhD    <\/td><\/tr><tr><td>\n  <strong>Parceiros:\n  <\/strong>\n  <\/td><td>\n  UCC\n  Chamusca\n  Agrupamento\n  Escolas da Chamusca\n  CM\n  Chamusca\n  <\/td><\/tr><tr><td>\n  <strong>Equipa:\n  <\/strong>\n  <\/td><td>\n  Maria do Carmo Figueiredo. RN, MSc, PhD\n  Maria Celeste Godinho, RN, MSc \n  Anabela C\u00e2ndido, RN, MSc\n  Ros\u00e1rio Martins, UCC Chamusca\n  &nbsp;\n  <\/td><\/tr><tr><td>\n  <strong>Data\n  da aprova\u00e7\u00e3o:<\/strong>\n  <\/td><td>\n  2014\n  <\/td><\/tr><tr><td>\n  <strong>Data\n  de in\u00edcio: <\/strong>\n  <\/td><td>\n  2014\n  <\/td><\/tr><tr><td>\n  <strong>Data\n  da conclus\u00e3o:<\/strong>\n  <\/td><td>\n  <strong>ATIVO<\/strong>\n  <\/td><\/tr><tr><td>\n  <strong>Dom\u00ednio\n  cient\u00edfico e sub\u00e1rea cient\u00edfica: <\/strong>\n  <\/td><td>\n  Life\n  and Health Sciences. Diagnostic, Therapies and Public Health\n  <\/td><\/tr><tr><td>\n  <strong>Resumo\n  (objetivos, atividades e resultados esperados) &#8211; em PT e\/ou EN: <\/strong>\n  <\/td><td>\n  No atual contexto de\n  sa\u00fade, a compreens\u00e3o dos determinantes dos estilos de vida das pessoas, que\n  se desenvolvem numa complexa intera\u00e7\u00e3o de fatores individuais (gen\u00e9ticos,\n  biol\u00f3gicos e psicol\u00f3gicos) e bem assim de fatores ambientais, econ\u00f3micos,\n  sociais e culturais, torna necessariamente emergente a implementa\u00e7\u00e3o de\n  projetos centrados em contextos espec\u00edficos como as escolas,\n  predominantemente orientados para a capacita\u00e7\u00e3o dos indiv\u00edduos para a ado\u00e7\u00e3o\n  de estilos de vida saud\u00e1veis e para a cria\u00e7\u00e3o de condi\u00e7\u00f5es ambientais,\n  organizacionais e sociais mais favor\u00e1veis \u00e0 sa\u00fade.\n  &nbsp;\n  \u00c9 neste enquadramento\n  que surge o presente projeto, cuja entidade promotora (UCC da Chamusca)\n  sustenta esta iniciativa nas suas compet\u00eancias e enquadramento legal, e\n  consciente da necessidade de um diagn\u00f3stico de situa\u00e7\u00e3o relativo aos h\u00e1bitos\n  alimentares da popula\u00e7\u00e3o estudantil do concelho, e mais objetivamente, a um\n  diagn\u00f3stico de situa\u00e7\u00e3o relativo \u00e0 obesidade e seus fatores, endere\u00e7ou um\n  convite \u00e0 Escola Superior de Sa\u00fade de Santar\u00e9m para integrar este projeto\n  como consultora, integrando simultaneamente a equipa operativa, elegendo\n  ainda como parceiros a CM da Chamusca\n  &nbsp;\n  Ap\u00f3s o diagn\u00f3stico\n  seguiu-se o planeamento da Interven\u00e7\u00e3o individualizada em cada contexto\n  escolar\/turma, \n  Da avalia\u00e7\u00e3o e consolida\u00e7\u00e3o\n  dos conhecimentos adquiridos salienta-se: elevada % de alunos que demonstram\n  conhecimentos sobre lanche saud\u00e1vel; disson\u00e2ncia com resultados do\n  question\u00e1rio e da observa\u00e7\u00e3o da constitui\u00e7\u00e3o de PA e lanches, respetivamente.\n  Perspetiva-se a\n  continuidade da interven\u00e7\u00e3o mobilizando pais\/encarregados de educa\u00e7\u00e3o\n  <\/td><\/tr><tr><td>\n  <strong><em>Link<\/em><\/strong><strong> para p\u00e1gina do projeto&nbsp;(outros <em>Links<\/em>): <\/strong>\n  <\/td><td>\n  <a href=\"https:\/\/umis.ipsantarem.pt\/?page_id=627\"><strong>https:\/\/umis.ipsantarem.pt\/?page_id=627<\/strong><\/a><strong> <\/strong>\n  <\/td><\/tr><tr><td>\n  <strong>Outras\n  informa\u00e7\u00f5es: <\/strong>\n  <\/td><td>   <strong>Como   atividades de divulga\u00e7\u00e3o cient\u00edfica<\/strong>:    \u00a0   Divulga\u00e7\u00e3o   do Projeto em jornadas da UCF \u2013 16 de fevereiro de 2016 &#8211; HDS   <strong>Comunica\u00e7\u00e3o   em congresso Internacional<\/strong>:    Growing   up with weight and measure in chamusca: a project of research-action. Written   by Godinho, C.;\u00a0 C\u00e2ndido, A.;   Figueiredo, M.C.;\u00a0 Dias, H.;   Amendoeira, J.: Pinto, C.; Nunes,M.; Martins, R. in the 3rd World Congress of   Health Research held in the Escola Superior de Sa\u00fade de Viseu, Portugal,   29th\u2013 30th september 2016   \u00a0   <br><strong>Publica\u00e7\u00e3o   em revista cient\u00edfica com peer review<\/strong>   <br>Godinho,   C.;\u00a0 C\u00e2ndido, A.; Figueiredo,   M.C.;\u00a0 Dias, H.; Amendoeira, J.: Pinto,   C.; Nunes,M.; Martins, R. (2016) Growing up with weight and measure in   chamusca: a project of research-action.\u00a0   Atencion Primaria. 45, Especial Congresso 3rd World Congress of Health   Research held   <br>Godinho,   C.;\u00a0 C\u00e2ndido, A.; Figueiredo,   M.C.;\u00a0 Dias, H.; Amendoeira, J.: Pinto,   C.; Nunes,M.; Martins, R. (2018)   Monitoriza\u00e7\u00e3o   de um projeto de investiga\u00e7\u00e3o-a\u00e7\u00e3o. Revista da UIPS Edi\u00e7\u00e3o tem\u00e1tica: Ci\u00eancias   da Vida e da Sa\u00fade vol. 6 n.\u00ba 2:   <\/td><\/tr><tr><td>\n  <strong>O\/A\n  INVESTIGADOR(A) RESPONS\u00c1VEL,<\/strong>\n  <\/td><td>\n  Jos\u00e9\n  Amendoeira\n  <\/td><\/tr><\/tbody><\/table>\n","protected":false},"excerpt":{"rendered":"<p>Acr\u00f3nimo: N.A. Designa\u00e7\u00e3o do projeto (PT\/EN): Crescer com peso e medida na Chamusca C\u00f3digo do projeto: N.A. Objetivo principal: Realizar um diagn\u00f3stico de situa\u00e7\u00e3o, no \u00e2mbito da alimenta\u00e7\u00e3o nas Escolas Piloto (pr\u00e9-escolar e 1\u00ba ciclo) na freguesia da Chamusca. Planear a interven\u00e7\u00e3o adequada e individualizada, com estrat\u00e9gias de educa\u00e7\u00e3o para a sa\u00fade, junto da comunidade&hellip;&nbsp;<a href=\"https:\/\/umis.ipsantarem.pt\/?page_id=627\" class=\"\" rel=\"bookmark\">Ler mais &raquo;<span class=\"screen-reader-text\">Crescer com peso e medida<\/span><\/a><\/p>\n","protected":false},"author":1,"featured_media":0,"parent":0,"menu_order":0,"comment_status":"closed","ping_status":"closed","template":"","meta":{"neve_meta_sidebar":"","neve_meta_container":"","neve_meta_enable_content_width":"","neve_meta_content_width":0,"neve_meta_title_alignment":"","neve_meta_author_avatar":"","neve_post_elements_order":"","neve_meta_disable_header":"","neve_meta_disable_footer":"","neve_meta_disable_title":"","footnotes":""},"class_list":["post-627","page","type-page","status-publish","hentry"],"_links":{"self":[{"href":"https:\/\/umis.ipsantarem.pt\/index.php?rest_route=\/wp\/v2\/pages\/627"}],"collection":[{"href":"https:\/\/umis.ipsantarem.pt\/index.php?rest_route=\/wp\/v2\/pages"}],"about":[{"href":"https:\/\/umis.ipsantarem.pt\/index.php?rest_route=\/wp\/v2\/types\/page"}],"author":[{"embeddable":true,"href":"https:\/\/umis.ipsantarem.pt\/index.php?rest_route=\/wp\/v2\/users\/1"}],"replies":[{"embeddable":true,"href":"https:\/\/umis.ipsantarem.pt\/index.php?rest_route=%2Fwp%2Fv2%2Fcomments&post=627"}],"version-history":[{"count":4,"href":"https:\/\/umis.ipsantarem.pt\/index.php?rest_route=\/wp\/v2\/pages\/627\/revisions"}],"predecessor-version":[{"id":650,"href":"https:\/\/umis.ipsantarem.pt\/index.php?rest_route=\/wp\/v2\/pages\/627\/revisions\/650"}],"wp:attachment":[{"href":"https:\/\/umis.ipsantarem.pt\/index.php?rest_route=%2Fwp%2Fv2%2Fmedia&parent=627"}],"curies":[{"name":"wp","href":"https:\/\/api.w.org\/{rel}","templated":true}]}}