{"id":645,"date":"2015-06-09T10:09:48","date_gmt":"2015-06-09T10:09:48","guid":{"rendered":"http:\/\/umis.ipsantarem.pt\/?page_id=645"},"modified":"2019-09-19T23:19:30","modified_gmt":"2019-09-19T23:19:30","slug":"escola-promotora-de-saude-consumo-de-tabaco-nos-estudantes-do-3o-ciclo-da-chamusca","status":"publish","type":"page","link":"https:\/\/umis.ipsantarem.pt\/?page_id=645","title":{"rendered":"Escola Promotora de Sa\u00fade \u2013 Consumo de Tabaco nos estudantes do 3\u00ba ciclo"},"content":{"rendered":"\n<table class=\"wp-block-table\"><tbody><tr><td>\n  <strong>Acr\u00f3nimo:<\/strong>\n  <\/td><td>\n  Here4You\n  <\/td><\/tr><tr><td>\n  <strong>Designa\u00e7\u00e3o\n  do projeto (PT\/EN): <\/strong>\n  <\/td><td>\n  <strong>Passo a Passo \u2026a\n  construir o futuro&nbsp; \u2013 Preven\u00e7\u00e3o do\n  consumo de tabaco nos alunos do 3\u00ba Ciclo<\/strong>\n  <\/td><\/tr><tr><td>\n  <strong>C\u00f3digo\n  do projeto: <\/strong>\n  <\/td><td>\n  <strong>&nbsp;<\/strong>\n  <\/td><\/tr><tr><td>\n  <strong>Objetivo\n  principal:<\/strong>\n  <\/td><td>\n  Capacitar\n  os alunos do 3\u00ba ciclo para a tomada de decis\u00e3o respons\u00e1vel na preven\u00e7\u00e3o do\n  consumo de tabaco\n  <\/td><\/tr><tr><td>\n  <strong>Entidade\n  financiadora\/Programa de financiamento: <\/strong>\n  <\/td><td>\n  O\n  projeto foi cofinanciado entre 2012 e 2015 (PCTA). Projeto vencedor\/apoiado\n  pela Miss\u00e3o Continente.\n  <\/td><\/tr><tr><td>\n  <strong>Regi\u00e3o\n  de interven\u00e7\u00e3o:<\/strong>\n  <\/td><td>\n  <strong>Concelhos da Chamusca\n  e Goleg\u00e3<\/strong>\n  <\/td><\/tr><tr><td>\n  <strong>Custo\n  total eleg\u00edvel: <\/strong>\n  <\/td><td>\n  <strong>NA<\/strong>\n  <\/td><\/tr><tr><td>\n  <strong>Apoio\n  financeiro da Uni\u00e3o Europeia:<\/strong>\n  <\/td><td>\n  Entre\n  2013 e 2015\n  <\/td><\/tr><tr><td>\n  <strong>Apoio\n  financeiro p\u00fablico nacional\/regional:<\/strong>\n  <\/td><td>\n  PCTA\n  <\/td><\/tr><tr><td>\n  <strong>Taxas\n  de financiamento:&nbsp; <\/strong>\n  <\/td><td>\n  NA\n  <\/td><\/tr><tr><td>\n  <strong>Entidade\n  benefici\u00e1ria: <\/strong>\n  <\/td><td>\n  <strong>Todos os parceiros<\/strong>\n  <\/td><\/tr><tr><td>\n  <strong>Investigador\n  Respons\u00e1vel: <\/strong>\n  <\/td><td>\n  <strong>Jos\u00e9 Amendoeira,\n  Professor Coordenador, Post-PhD; Investigador da UIIPS; Investigador\n  integrado no CIIS\/UCP<\/strong>\n  <\/td><\/tr><tr><td>\n  <strong>Parceiros:\n  <\/strong>\n  <\/td><td>\n  <strong>ACES Leziria \u2013 UCC\n  Chamusca\/Goleg\u00e3<\/strong>\n  <strong>Agrupamento de\n  escolas da Chamusca<\/strong>\n  <strong>Agrupamento de\n  Escolas da Goleg\u00e3, Azinhaga e Pombalinho<\/strong>\n  <\/td><\/tr><tr><td>\n  <strong>Equipa:\n  <\/strong>\n  <\/td><td>\n  <strong>Clara Andr\u00e9 &nbsp;MSc, RN<\/strong>\n  <strong>Maria do Carmo Figueiredo\n  PhD, MSc, RN<\/strong>\n  <strong>Maria do Ros\u00e1rio Martins\n  RN<\/strong>\n  <strong>Cristina Pinto RN<\/strong>\n  <strong>Marisa Nunes RN<\/strong>\n  <strong>Lu\u00eds Rainha RN<\/strong>\n  <strong>Ana Godinho RN<\/strong>\n  <strong>Madalena Ferreira<\/strong>\n  <strong>RN <\/strong>\n  <strong>Marta Pintor RN<\/strong>\n  <strong>Miguel Oliveira RN<\/strong>\n  <\/td><\/tr><tr><td>\n  <strong>Data\n  da aprova\u00e7\u00e3o:<\/strong>\n  <\/td><td>\n  Janeiro\/2014\n  <\/td><\/tr><tr><td>\n  <strong>Data\n  de in\u00edcio: <\/strong>\n  <\/td><td>\n  Maio\/2014\n  <\/td><\/tr><tr><td>\n  <strong>Data\n  da conclus\u00e3o:<\/strong>\n  <\/td><td>\n  <strong>Ativo <\/strong>\n  <\/td><\/tr><tr><td>\n  <strong>Dom\u00ednio\n  cient\u00edfico e sub\u00e1rea cient\u00edfica: <\/strong>\n  <\/td><td>\n  Diagnostic, Therapies and Public Health\n  Epidemiology &#8211; <strong>ENFERMAGEM<\/strong>\n  <\/td><\/tr><tr><td>\n  <strong>Resumo\n  (objetivos, atividades e resultados esperados) &#8211; em PT e\/ou EN: <\/strong>\n  <\/td><td>\n  O projeto &#8220;Here4You &#8211; Passo a Passo&#8230; A\n  Construir o Futuro&#8221; tem como finalidade que alunos da 3\u00aa ciclo tomem\n  decis\u00f5es respons\u00e1veis na preven\u00e7\u00e3o do tabagismo construindo conhecimento, atitudes,\n  habilidades e comportamentos associados a fatores de risco. \n  Tem como objetivo geral: Capacitar os alunos\n  do 3\u00ba ciclo para a tomada de decis\u00e3o respons\u00e1vel na preven\u00e7\u00e3o do consumo de\n  tabaco; e como objetivos espec\u00edficos: promover o desenvolvimento pessoal e social\n  dos adolescentes, atrav\u00e9s da constru\u00e7\u00e3o de conhecimentos\/atitudes\/ compet\u00eancias\n  face a estilos de vida saud\u00e1vel e prevenir comportamentos relacionados com os\n  fatores de risco associados ao consumo de tabaco. Desenvolvido em parceria\n  entre a Escola Superior de Sa\u00fade de Santar\u00e9m, como Escola Promotora de Sa\u00fade\n  &#8211; Unidade de Monitoriza\u00e7\u00e3o de Indicadores de Sa\u00fade e a Unidade de Cuidados\n  Comunit\u00e1rios de Chamusca\/Goleg\u00e3. \n  Insere-se na metodologia da\n  Investiga\u00e7\u00e3o-A\u00e7\u00e3o: Diagn\u00f3stico, Planeamento, Interven\u00e7\u00e3o e Avalia\u00e7\u00e3o, no 7\u00ba e\n  8\u00ba anos. O Global Youth Tobacco Survey (GYTS), vers\u00e3o portuguesa, \u00e9 utilizada\n  no in\u00edcio (7\u00ba ano) e ao final da interven\u00e7\u00e3o (8\u00ba ano).\n  A interven\u00e7\u00e3o contempla 13 sess\u00f5es em\n  contexto turma.\n  Resultados 475 alunos foram abrangidos at\u00e9 ao\n  final do ano letivo 2018\/19, com 273 sess\u00f5es de educa\u00e7\u00e3o em sa\u00fade em sala de\n  aula\n  Na \u00faltima edi\u00e7\u00e3o do projeto, 13% dos alunos\n  do 7\u00ba ano afirmaram j\u00e1 ter fumado. \n  A fim de promover solu\u00e7\u00f5es complementares e\n  convergentes para gerar sinergias positivas, a interven\u00e7\u00e3o ocorre em\n  diferentes disciplinas. A obten\u00e7\u00e3o de ganhos em sa\u00fade implica uma interven\u00e7\u00e3o\n  consistente e cont\u00ednua ao longo da forma\u00e7\u00e3o dos alunos. \n  A avalia\u00e7\u00e3o do impacto da interven\u00e7\u00e3o\n  desenvolvida tem sido poss\u00edvel com recurso ao question\u00e1rio GYTS.\n  <\/td><\/tr><tr><td>\n  <strong><em>Link<\/em><\/strong><strong> para p\u00e1gina do projeto&nbsp;(outros <em>Links<\/em>): <\/strong>\n  <\/td><td>\n  <a href=\"https:\/\/umis.ipsantarem.pt\/?page_id=645\"><strong>https:\/\/umis.ipsantarem.pt\/?page_id=645<\/strong><\/a><strong><\/strong>\n  <strong>https:\/\/missao.continente.pt\/node\/2883<\/strong>\n  <\/td><\/tr><tr><td>\n  <strong>Outras\n  informa\u00e7\u00f5es: <\/strong>\n  <\/td><td>   <strong>\u00a0<\/strong>   <strong>Publica\u00e7\u00f5es<\/strong>   <strong>\u00a0<\/strong>   \u00a0   <br>&#8211;   Andr\u00e9, C, Amendoeira, J, Figueiredo, MC, Martins, MR, Pinto, C, Nunes, M,   Rainha, L, Godinho, A, Ferreira, M, Pintor, M, Oliveira, M. (2019) \u201cHere4You   &#8211; Footsteps\u2026 Building the future: An action   research project to prevent tobacco consumption in the 3rd Cycle\u201d. European   Journal of Public Health, Volume 29, Issue Supplement_2, June 2019,   ckz098.005, https:\/\/doi.org\/10.1093\/eurpub\/ckz098.005.   \u00a0   <br>&#8211;   Martins, Ros\u00e1rio; Rato, Em\u00edlia; Pinto, Cristina; Nunes, Marisa; Amendoeira,   Jos\u00e9; Andr\u00e9, Clara; Figueiredo, M. C.; Rainha, Lu\u00eds; Godinho, Ana; Ferreira,   Madalena; Pintor, Marta. 2019. \u201cConsumo de Tabaco nos Alunos do 3\u00ba ciclo\u201d.   In: eBook Enfermagem: Formar e Cuidar \u2013 Diversidade e Singularidade. Atas do   VI Congresso Luso-Espanhol de Estudantes de Enfermagem. Santar\u00e9m: Escola   Superior de Sa\u00fade de Santar\u00e9m, pp. 11-20. Dispon\u00edvel em:   https:\/\/pt.calameo.com\/read\/005888061849a98ac2d6a.    \u00a0  <br> &#8211;   Godinho, Ana; Amendoeira, Jos\u00e9; Andr\u00e9, Clara; Figueiredo, M. C.; Martins,   Ros\u00e1rio; Pinto, Cristina; Rato, Em\u00edlia; Nunes, Marisa; Rainha, Lu\u00eds;   Ferreira, Madalena; Pintor, Marta. 2019. \u201cO Meio Social e Publicidade \u2013 Um   contributo para resistir \u00e0s press\u00f5es sociais\u201d. In: eBook Enfermagem: Formar e   Cuidar \u2013 Diversidade e Singularidade. Atas do VI Congresso Luso-Espanhol de   Estudantes de Enfermagem. Santar\u00e9m: Escola Superior de Sa\u00fade de Santar\u00e9m, pp.   64-74. Dispon\u00edvel em: https:\/\/pt.calameo.com\/read\/005888061849a98ac2d6a.    \u00a0<br> &#8211;   Ferreira, Madalena; Pintor, Marta; Amendoeira, Jos\u00e9; Andr\u00e9, Clara;   Figueiredo, M. C.; Martins, Ros\u00e1rio; Pinto, Cristina; Rato, Em\u00edlia; Nunes,   Marisa; Godinho, Ana; Rainha, Lu\u00eds. 2019. \u201c[Des]Construir Comportamentos \u2013   Constru\u00e7\u00e3o de uma atitude assertiva face ao consumo de tabaco\u201d. In: eBook   Enfermagem: Formar e Cuidar \u2013 Diversidade e Singularidade. Atas do VI   Congresso Luso-Espanhol de Estudantes de Enfermagem. Santar\u00e9m: Escola   Superior de Sa\u00fade de Santar\u00e9m, pp. 94-104. Dispon\u00edvel em:   https:\/\/pt.calameo.com\/read\/005888061849a98ac2d6a.    \u00a0   <br>&#8211;   Rainha, Lu\u00eds; Amendoeira, Jos\u00e9; Andr\u00e9, Clara; Figueiredo, M. C.; Martins,   Ros\u00e1rio; Pinto, Cristina; Rato, Em\u00edlia; Nunes, Marisa; Godinho, Ana;   Ferreira, Madalena; Pintor, Marta. 2019. \u201cVer\u2026 para decidir- Um olhar para a   mudan\u00e7a de comportamento\u201d. In: eBook Enfermagem: Formar e Cuidar \u2013   Diversidade e Singularidade. Atas do VI Congresso Luso-Espanhol de Estudantes   de Enfermagem. Santar\u00e9m: Escola Superior de Sa\u00fade de Santar\u00e9m, pp. 105-114.   Dispon\u00edvel em: https:\/\/pt.calameo.com\/read\/005888061849a98ac2d6a.    <strong>\u00a0<\/strong>   <br>&#8211;   Godinho, Ana; Amendoeira, Jos\u00e9; Andr\u00e9, Clara. (2018). Preven\u00e7\u00e3o do consumo de   tabaco nos alunos do 3\u00ba ciclo: Perspetiva de uma estudante de enfermagem num   projeto de investiga\u00e7\u00e3o. Revista da UIIPS, vol. 6 n.\u00ba 2, pp69-79. DOI:   https:\/\/ojs.ipsantarem.pt\/index.php\/REVUIIPS   <strong>\u00a0<\/strong>  <br> &#8211;   Andr\u00e9, Clara; Amendoeira, Jos\u00e9; Figueiredo, M. C; Martins, Ros\u00e1rio; Pinto,   Cristina; Nunes, Marisa; Rainha, Luis; Henriques, Laura; Tom\u00e9, Filipa. (2016). \u201cTO SMOKE OR NOT TO SMOKE, WHAT DETERMINANTS? AN   EPIDEMIOLOGICAL STUDY\u201d,\u00a0 Atenci\u00f3n   Primaria 48, N\u00famero Esp: 8 \u2013 8. <a href=\"https:\/\/www.elsevier.es\/en-revista-atencion-primaria-27-pdf-X021265671659362X-S300\">https:\/\/www.elsevier.es\/en-revista-atencion-primaria-27-pdf-X021265671659362X-S300<\/a>   \u00a0   <br>&#8211; Andr\u00e9, Clara; Amendoeira, Jos\u00e9 2013. \u201cIntervention   programs for the prevention of smoking in children and adolescents: A   systematic literature review\u201d, Atenci\u00f3n Primaria 45, Especial C: 23 \u2013 23. <a href=\"https:\/\/www.elsevier.es\/en-revista-atencion-primaria-27-pdf-S0212656713700325-S300\">https:\/\/www.elsevier.es\/en-revista-atencion-primaria-27-pdf-S0212656713700325-S300<\/a>   \u00a0  <br> <strong>Comunica\u00e7\u00e3o<\/strong>   <strong>\u00a0<\/strong>   <br>&#8211;   Andr\u00e9, C. (2019) A Promo\u00e7\u00e3o da Sa\u00fade no dom\u00ednio dos consumos nocivos. Na Mesa   Redonda \u201cDa Extens\u00e3o \u00e0 Comunidade \u00e0 Investiga\u00e7\u00e3o Aplicada\u201d, no Semin\u00e1rio   Te\u00f3rico Metodol\u00f3gico, da Unidade de Monitoriza\u00e7\u00e3o de Indicadores em Sa\u00fade, a   25 de junho de 2019, na Escola Superior de Sa\u00fade de Santar\u00e9m.   \u00a0 <br> &#8211;   Andr\u00e9, C. (2019) Projeto Passo a Passo&#8230; construir o futuro &#8211; Preven\u00e7\u00e3o   consumo de tabaco nos alunos do 3\u00ba ano- Instituto Polit\u00e9cnico de Santar\u00e9m\/UCC   Chamusca\/Goleg\u00e3. Na Mesa Redonda Jovens sem tabaco: Experi\u00eancias nas Escolas   e Universidades, nas 1as. Jornadas de Cessa\u00e7\u00e3o Tab\u00e1gica do ACeS Almada Seixal   Novas Abordagem para um Velho Problema, a 31 de Maio de 2019, no Seixal.   \u00a0 <br> &#8211;   Martins,   Ros\u00e1rio; Andr\u00e9, Clara (2018) Passo a passo\u2026 construir o futuro \u2013 Preven\u00e7\u00e3o do   consumo do tabaco no 3\u00ba ciclo, Comunica\u00e7\u00e3o em Mesa Redonda no 3\u00ba Curso de   Preven\u00e7\u00e3o e Controlo do Tabagismo para Enfermeiros e T\u00e9cnicos Superiores,   organizado pela Academia de Forma\u00e7\u00e3o e Desenvolvimento da ARSLVT, IP e pelo   Grupo Regional do Programa de Preven\u00e7\u00e3o e Controlo do Tabagismo, a 22 de   Novembro de 2018, em Lisboa.   \u00a0   <br>&#8211;   Andr\u00e9, Clara; Figueiredo, Maria Carmo; Amendoeira, Jos\u00e9; Martins, Ros\u00e1rio;   Pinto, Cristina; Rato, Em\u00edlia; Nunes, Marisa; Rainha, Lu\u00eds; Godinho, Ana;   Ferreira, Madalena; Pintor, Marta; Oliveira, Miguel. (2018) Partilha de boas   pr\u00e1ticas para preven\u00e7\u00e3o do consumo de tabaco em contexto escolar &#8211; Projeto   \u201cHere4You &#8211; Passo a Passo \u2026a construir o futuro\u201d, IV Workshop &#8211; Forma\u00e7\u00e3o   pr\u00e9-graduada dos profissionais de sa\u00fade em preven\u00e7\u00e3o do tabagismo. Como   melhorar a qualidade?, promovido pelo PNPCT da DGS na ESSS do IPSantar\u00e9m   \u00a0  <br> &#8211;   Rato, Em\u00edlia; Martins, Ros\u00e1rio; Pinto, Cristina; Nunes, Marisa; Amendoeira,   Jos\u00e9; Andr\u00e9, Clara; Figueiredo, M. C.; Godinho, Ana; Ferreira, Madalena;   Pintor, Marta; Rainha, Lu\u00eds. (2017) \u201cNovas Estrat\u00e9gias no Cuidar\u201d, com o tema   \u201cConsumo de tabaco nos alunos de 3\u00ba ciclo\u201d, VI Congresso Luso-Espanhol de   Estudantes de Enfermagem, Santar\u00e9m.   <strong>\u00a0<\/strong>   <br><strong>&#8211;   <\/strong>Andr\u00e9,   Clara; Amendoeira, Jos\u00e9; Figueiredo, M. C; Martins, Ros\u00e1rio; Pinto, Cristina;   Nunes, Marisa; Henriques, Laura; Rainha, Lu\u00eds; Tom\u00e9, Filipa. (2016). Consumo   de tabaco nos alunos do 3\u00ba ciclo &#8211; A realidade de um agrupamento escolar,   Confer\u00eancia &#8211; Escolas Promotoras de Sa\u00fade Desenvolver no Presente Para   Consolidar no Futuro, Rio Maior   \u00a0   <strong>Workshop<\/strong>   <strong>\u00a0<\/strong>  <br> &#8211; Andr\u00e9,   Clara; Figueiredo, Maria Carmo; Amendoeira, Jos\u00e9; Rainha, Lu\u00eds; Godinho, Ana;   Ferreira, Madalena; Pintor, Marta; Oliveira, Miguel; Carrapito, Elisabete;   Rodrigues, Sergio. (2018) \u201cLiving young, wild and free (of smoke)\u201d, na 2\u00aa   Semana dos H\u00e1bitos Saud\u00e1veis, promovida pelos Servi\u00e7os de A\u00e7\u00e3o Social do   IPSantar\u00e9m.   \u00a0   <br><strong>Comunica\u00e7\u00e3o   Oral<\/strong>   <strong>\u00a0<\/strong>   <br>&#8211;   Andr\u00e9, C, Amendoeira, J, Figueiredo, MC, Martins, MR, Pinto, C, Nunes, M,   Rainha, L, Godinho, A, Ferreira, M, Pintor, M, Oliveira, M. (2019) \u201cHere4You   &#8211;   Footsteps\u2026 Building the future: An action research   project to prevent tobacco consumption in the 3rd Cycle\u201d. 1st International   Congress on Health Literacy \u2013 Paradigms and Knowledge in \u201cDiverse\u201d Contexts,   at the Health Higher School of Santar\u00e9m.    \u00a0   &#8211;   Figueiredo, MC, Amendoeira, J, Andr\u00e9, C, Martins, MR, Pinto, C, Nunes, M,   Rainha, L, Godinho, A. (2019) \u201cHere4You: um projeto na preven\u00e7\u00e3o do   tabagismo\u201d.    I   Congresso Internacional Qualidade de Vida, Cidadania e Sa\u00fade Mental, em   Viseu.   \u00a0  <br> &#8211;   Andr\u00e9, Clara; Amendoeira, Jos\u00e9; Figueiredo, Maria C; Martins, Ros\u00e1rio; Nunes,   Marisa; Pinto, Cristina; Henriques, Laura; Tom\u00e9, Filipa; Rainha, Lu\u00eds. (2016).&#8221;To smoke or not to smoke, what determinants? An   epidemiological study&#8221;, 3\u00ba World Congress of Health Research, Viseu .   \u00a0   &#8211;   Rainha, Lu\u00eds; Godinho, Ana; Dias, Gon\u00e7alo; Machado, Ros\u00e1rio. (2016).   \u201cPreven\u00e7\u00e3o do consumo de tabaco em adolescentes \u2013 Que sentido de   coer\u00eancia?\u201d\u00a0 IX Congreso Hispano-Luso   de Estudiantes de Enfermer\u00eda, Oviedo.   \u00a0   <br>&#8211;   Andr\u00e9, Clara; Amendoeira, Jos\u00e9; Pereira, M. C; Martins, Ros\u00e1rio; Pinto,   Cristina; Nunes, Marisa. (2014). Caracteriza\u00e7\u00e3o do Consumo de Tabaco dos   alunos do 3\u00ba Ciclo &#8211; A realidade de uma escola b\u00e1sica e secundaria, XX   Jornadas de Cardiologia de Santar\u00e9m, \u00d3bidos.   \u00a0   <br>&#8211; Andr\u00e9, Clara; Amendoeira, Jos\u00e9. (2013)   Intervention programs for the prevention of smoking in children and   adolescents: A systematic literature review, 1.\u00ba Congresso Mundial de   Comportamentos de Sa\u00fade Infanto-Juvenis\/4.\u00ba Congresso Nacional de Educa\u00e7\u00e3o para   a Sa\u00fade, Viseu   <strong>\u00a0<\/strong>   <strong>\u00a0<\/strong>  <br> <strong>Poster<\/strong>   <strong>\u00a0<\/strong>   <br>&#8211; Ferreira,   Madalena; Pintor, Marta; Amendoeira, Jos\u00e9; Andr\u00e9, Clara; Figueiredo, M. C.;   Martins, Ros\u00e1rio; Pinto, Cristina; Rato, Em\u00edlia; Nunes, Marisa; Godinho, Ana;   Rainha, Lu\u00eds. (2017) [Des]Construir Comportamentos &#8211; Constru\u00e7\u00e3o de uma   atitude assertiva face ao consumo de tabaco, VI Congresso Luso-Espanhol de   Estudantes de Enfermagem, Santar\u00e9m, 2017, dispon\u00edvel em: <a href=\"https:\/\/hdl.handle.net\/10400.15\/1745\">https:\/\/hdl.handle.net\/10400.15\/1745<\/a>.   \u00a0  <br> &#8211;   Rainha, Lu\u00eds; Amendoeira, Jos\u00e9; Andr\u00e9, Clara; Figueiredo, M. C.; Martins,   Ros\u00e1rio; Pinto, Cristina; Rato, Em\u00edlia; Nunes, Marisa; Godinho, Ana;   Ferreira, Madalena; Pintor, Marta. (2017) \u00a0\u201cVer\u2026 para decidir- Um olhar para a mudan\u00e7a   de comportamento\u201d, VI Congresso Luso-Espanhol de Estudantes de Enfermagem,   Santar\u00e9m, 2017, dispon\u00edvel em: <a href=\"https:\/\/hdl.handle.net\/10400.15\/1744\">https:\/\/hdl.handle.net\/10400.15\/1744<\/a>.   \u00a0 <br> &#8211;   Godinho, Ana; Amendoeira, Jos\u00e9; Andr\u00e9, Clara; Figueiredo, M. C.; Martins,   Ros\u00e1rio; Pinto, Cristina; Rato, Em\u00edlia; Nunes, Marisa; Rainha, Lu\u00eds;   Ferreira, Madalena; Pintor, Marta. (2017) O Meio Social e Publicidade \u2013 Um   contributo para resistir \u00e0s press\u00f5es sociais, VI Congresso Luso-Espanhol de   Estudantes de Enfermagem, Santar\u00e9m, 2017, dispon\u00edvel em:\u00a0 <a href=\"https:\/\/hdl.handle.net\/10400.15\/1743\">https:\/\/hdl.handle.net\/10400.15\/1743<\/a>.   \u00a0   <br>&#8211;   Amendoeira, Jos\u00e9 ; Andr\u00e9, Clara; Figueiredo, M. C; Martins, Ros\u00e1rio; Pinto,   Cristina; Nunes, Marisa; Henriques, Laura; Rainha, Lu\u00eds; Tom\u00e9, Filipa \u00a0(2016)\u201cConsumo de Tabaco nos alunos do 3\u00ba   Ciclo Um estudo epidemiol\u00f3gico \u2013 Fase preliminar\u201d, 8as Jornadas da UCF   Materno Neonatal \u2013 Cuidar a Sa\u00fade, Santar\u00e9m..   \u00a0   <\/td><\/tr><tr><td>\n  <strong>O\/A\n  INVESTIGADOR(A) RESPONS\u00c1VEL,<\/strong>\n  <\/td><td>   \u00a0   Jos\u00e9 Amendoeira<\/td><\/tr><\/tbody><\/table>\n","protected":false},"excerpt":{"rendered":"<p>Acr\u00f3nimo: Here4You Designa\u00e7\u00e3o do projeto (PT\/EN): Passo a Passo \u2026a construir o futuro&nbsp; \u2013 Preven\u00e7\u00e3o do consumo de tabaco nos alunos do 3\u00ba Ciclo C\u00f3digo do projeto: &nbsp; Objetivo principal: Capacitar os alunos do 3\u00ba ciclo para a tomada de decis\u00e3o respons\u00e1vel na preven\u00e7\u00e3o do consumo de tabaco Entidade financiadora\/Programa de financiamento: O projeto foi&hellip;&nbsp;<a href=\"https:\/\/umis.ipsantarem.pt\/?page_id=645\" class=\"\" rel=\"bookmark\">Ler mais &raquo;<span class=\"screen-reader-text\">Escola Promotora de Sa\u00fade \u2013 Consumo de Tabaco nos estudantes do 3\u00ba ciclo<\/span><\/a><\/p>\n","protected":false},"author":1,"featured_media":0,"parent":0,"menu_order":0,"comment_status":"closed","ping_status":"closed","template":"","meta":{"neve_meta_sidebar":"","neve_meta_container":"","neve_meta_enable_content_width":"","neve_meta_content_width":0,"neve_meta_title_alignment":"","neve_meta_author_avatar":"","neve_post_elements_order":"","neve_meta_disable_header":"","neve_meta_disable_footer":"","neve_meta_disable_title":"","footnotes":""},"class_list":["post-645","page","type-page","status-publish","hentry"],"_links":{"self":[{"href":"https:\/\/umis.ipsantarem.pt\/index.php?rest_route=\/wp\/v2\/pages\/645"}],"collection":[{"href":"https:\/\/umis.ipsantarem.pt\/index.php?rest_route=\/wp\/v2\/pages"}],"about":[{"href":"https:\/\/umis.ipsantarem.pt\/index.php?rest_route=\/wp\/v2\/types\/page"}],"author":[{"embeddable":true,"href":"https:\/\/umis.ipsantarem.pt\/index.php?rest_route=\/wp\/v2\/users\/1"}],"replies":[{"embeddable":true,"href":"https:\/\/umis.ipsantarem.pt\/index.php?rest_route=%2Fwp%2Fv2%2Fcomments&post=645"}],"version-history":[{"count":1,"href":"https:\/\/umis.ipsantarem.pt\/index.php?rest_route=\/wp\/v2\/pages\/645\/revisions"}],"predecessor-version":[{"id":646,"href":"https:\/\/umis.ipsantarem.pt\/index.php?rest_route=\/wp\/v2\/pages\/645\/revisions\/646"}],"wp:attachment":[{"href":"https:\/\/umis.ipsantarem.pt\/index.php?rest_route=%2Fwp%2Fv2%2Fmedia&parent=645"}],"curies":[{"name":"wp","href":"https:\/\/api.w.org\/{rel}","templated":true}]}}